{"id":202,"date":"2023-07-13T01:24:59","date_gmt":"2023-07-13T05:24:59","guid":{"rendered":"https:\/\/www.santosdominguez.net\/?page_id=202"},"modified":"2023-07-13T16:20:52","modified_gmt":"2023-07-13T20:20:52","slug":"shake-wings","status":"publish","type":"page","link":"https:\/\/www.santosdominguez.net\/en\/shake-wings\/","title":{"rendered":"Shake Wings"},"content":{"rendered":"<div data-elementor-type=\"wp-page\" data-elementor-id=\"202\" class=\"elementor elementor-202\" data-elementor-post-type=\"page\">\n\t\t\t\t<div class=\"elementor-element elementor-element-cdccf03 e-con-full e-flex e-con e-parent\" data-id=\"cdccf03\" data-element_type=\"container\" data-e-type=\"container\" data-settings=\"{&quot;background_background&quot;:&quot;classic&quot;}\">\n\t\t<div class=\"elementor-element elementor-element-474e0c4 e-con-full e-flex e-con e-child\" data-id=\"474e0c4\" data-element_type=\"container\" data-e-type=\"container\">\n\t\t\t\t<div class=\"elementor-element elementor-element-082bc50 elementor-widget__width-initial animated-slow elementor-invisible elementor-widget elementor-widget-heading\" data-id=\"082bc50\" data-element_type=\"widget\" data-e-type=\"widget\" data-settings=\"{&quot;_animation&quot;:&quot;fadeInUp&quot;}\" data-widget_type=\"heading.default\">\n\t\t\t\t<div class=\"elementor-widget-container\">\n\t\t\t\t\t<h1 class=\"elementor-heading-title elementor-size-default\">SHAKE WINGS<\/h1>\t\t\t\t<\/div>\n\t\t\t\t<\/div>\n\t\t\t\t<\/div>\n\t\t<div class=\"elementor-element elementor-element-24faacd e-con-full e-flex e-con e-child\" data-id=\"24faacd\" data-element_type=\"container\" data-e-type=\"container\">\n\t\t\t\t<div class=\"elementor-element elementor-element-437438d animated-slow elementor-invisible elementor-widget elementor-widget-text-editor\" data-id=\"437438d\" data-element_type=\"widget\" data-e-type=\"widget\" data-settings=\"{&quot;_animation&quot;:&quot;fadeInUp&quot;,&quot;_animation_delay&quot;:400}\" data-widget_type=\"text-editor.default\">\n\t\t\t\t<div class=\"elementor-widget-container\">\n\t\t\t\t\t\t\t\t\t<p><strong>About this project:<\/strong><\/p><p>Shake Wings was born from the need for a modern, fun and familiar space for gastronomy in Santiago de los Caballeros.<\/p><p>Its interior design is developed with an industrial design where construction elements are exposed as part of the design.<\/p>\t\t\t\t\t\t\t\t<\/div>\n\t\t\t\t<\/div>\n\t\t\t\t<\/div>\n\t\t<div class=\"elementor-element elementor-element-5b1b927 e-con-full e-flex e-con e-child\" data-id=\"5b1b927\" data-element_type=\"container\" data-e-type=\"container\">\n\t\t\t\t<div class=\"elementor-element elementor-element-f7d447d animated-slow elementor-invisible elementor-widget elementor-widget-text-editor\" data-id=\"f7d447d\" data-element_type=\"widget\" data-e-type=\"widget\" data-settings=\"{&quot;_animation&quot;:&quot;fadeInUp&quot;,&quot;_animation_delay&quot;:400}\" data-widget_type=\"text-editor.default\">\n\t\t\t\t<div class=\"elementor-widget-container\">\n\t\t\t\t\t\t\t\t\t<p>Visible elements such as microcement, steel, black profiles and bricks, which provide an aesthetic balance between functionality and warmth.<\/p><p>As well as its interior, the exterior follows the same bare and neutral line to create a unique fa\u00e7ade.<\/p>\t\t\t\t\t\t\t\t<\/div>\n\t\t\t\t<\/div>\n\t\t\t\t<\/div>\n\t\t<div class=\"elementor-element elementor-element-dd4da0e e-con-full e-flex e-con e-child\" data-id=\"dd4da0e\" data-element_type=\"container\" data-e-type=\"container\">\n\t\t\t\t<div class=\"elementor-element elementor-element-dfcb55e elementor-align-center sdc-btn-sw animated-slow elementor-invisible elementor-widget elementor-widget-button\" data-id=\"dfcb55e\" data-element_type=\"widget\" data-e-type=\"widget\" data-settings=\"{&quot;_animation&quot;:&quot;fadeInUp&quot;,&quot;_animation_delay&quot;:800}\" data-widget_type=\"button.default\">\n\t\t\t\t<div class=\"elementor-widget-container\">\n\t\t\t\t\t\t\t\t\t<div class=\"elementor-button-wrapper\">\n\t\t\t\t\t<a class=\"elementor-button elementor-button-link elementor-size-sm\" href=\"#more-sw\">\n\t\t\t\t\t\t<span class=\"elementor-button-content-wrapper\">\n\t\t\t\t\t\t\t\t\t<span class=\"elementor-button-text\">MORE INFORMATION<\/span>\n\t\t\t\t\t<\/span>\n\t\t\t\t\t<\/a>\n\t\t\t\t<\/div>\n\t\t\t\t\t\t\t\t<\/div>\n\t\t\t\t<\/div>\n\t\t\t\t<\/div>\n\t\t\t\t<\/div>\n\t\t<div class=\"elementor-element elementor-element-94c5aba e-con-full e-flex e-con e-parent\" data-id=\"94c5aba\" data-element_type=\"container\" data-e-type=\"container\" id=\"more-sw\" data-settings=\"{&quot;background_background&quot;:&quot;classic&quot;}\">\n\t\t<div class=\"elementor-element elementor-element-775450f e-con-full e-flex e-con e-child\" data-id=\"775450f\" data-element_type=\"container\" data-e-type=\"container\">\n\t\t\t\t<div class=\"elementor-element elementor-element-6157810 elementor-widget__width-initial animated-slow elementor-invisible elementor-widget elementor-widget-heading\" data-id=\"6157810\" data-element_type=\"widget\" data-e-type=\"widget\" data-settings=\"{&quot;_animation&quot;:&quot;fadeInUp&quot;}\" data-widget_type=\"heading.default\">\n\t\t\t\t<div class=\"elementor-widget-container\">\n\t\t\t\t\t<p class=\"elementor-heading-title elementor-size-default\">Outside<\/p>\t\t\t\t<\/div>\n\t\t\t\t<\/div>\n\t\t\t\t<\/div>\n\t\t<div class=\"elementor-element elementor-element-c00463a e-con-full e-flex e-con e-child\" data-id=\"c00463a\" data-element_type=\"container\" data-e-type=\"container\">\n\t\t\t\t<div class=\"elementor-element elementor-element-ed03809 animated-slow elementor-icon-list--layout-traditional elementor-list-item-link-full_width elementor-invisible elementor-widget elementor-widget-icon-list\" data-id=\"ed03809\" data-element_type=\"widget\" data-e-type=\"widget\" data-settings=\"{&quot;_animation&quot;:&quot;fadeInUp&quot;,&quot;_animation_delay&quot;:600}\" data-widget_type=\"icon-list.default\">\n\t\t\t\t<div class=\"elementor-widget-container\">\n\t\t\t\t\t\t\t<ul class=\"elementor-icon-list-items\">\n\t\t\t\t\t\t\t<li class=\"elementor-icon-list-item\">\n\t\t\t\t\t\t\t\t\t\t\t<span class=\"elementor-icon-list-icon\">\n\t\t\t\t\t\t\t<svg aria-hidden=\"true\" class=\"e-font-icon-svg e-fas-people-arrows\" viewbox=\"0 0 576 512\" xmlns=\"http:\/\/www.w3.org\/2000\/svg\"><path d=\"M96,128A64,64,0,1,0,32,64,64,64,0,0,0,96,128Zm0,176.08a44.11,44.11,0,0,1,13.64-32L181.77,204c1.65-1.55,3.77-2.31,5.61-3.57A63.91,63.91,0,0,0,128,160H64A64,64,0,0,0,0,224v96a32,32,0,0,0,32,32V480a32,32,0,0,0,32,32h64a32,32,0,0,0,32-32V383.61l-50.36-47.53A44.08,44.08,0,0,1,96,304.08ZM480,128a64,64,0,1,0-64-64A64,64,0,0,0,480,128Zm32,32H448a63.91,63.91,0,0,0-59.38,40.42c1.84,1.27,4,2,5.62,3.59l72.12,68.06a44.37,44.37,0,0,1,0,64L416,383.62V480a32,32,0,0,0,32,32h64a32,32,0,0,0,32-32V352a32,32,0,0,0,32-32V224A64,64,0,0,0,512,160ZM444.4,295.34l-72.12-68.06A12,12,0,0,0,352,236v36H224V236a12,12,0,0,0-20.28-8.73L131.6,295.34a12.4,12.4,0,0,0,0,17.47l72.12,68.07A12,12,0,0,0,224,372.14V336H352v36.14a12,12,0,0,0,20.28,8.74l72.12-68.07A12.4,12.4,0,0,0,444.4,295.34Z\"><\/path><\/svg>\t\t\t\t\t\t<\/span>\n\t\t\t\t\t\t\t\t\t\t<span class=\"elementor-icon-list-text\">Area for diners<\/span>\n\t\t\t\t\t\t\t\t\t<\/li>\n\t\t\t\t\t\t\t\t<li class=\"elementor-icon-list-item\">\n\t\t\t\t\t\t\t\t\t\t\t<span class=\"elementor-icon-list-icon\">\n\t\t\t\t\t\t\t<svg aria-hidden=\"true\" class=\"e-font-icon-svg e-fas-dumpster\" viewbox=\"0 0 576 512\" xmlns=\"http:\/\/www.w3.org\/2000\/svg\"><path d=\"M560 160c10.4 0 18-9.8 15.5-19.9l-24-96C549.7 37 543.3 32 536 32h-98.9l25.6 128H560zM272 32H171.5l-25.6 128H272V32zm132.5 0H304v128h126.1L404.5 32zM16 160h97.3l25.6-128H40c-7.3 0-13.7 5-15.5 12.1l-24 96C-2 150.2 5.6 160 16 160zm544 64h-20l4-32H32l4 32H16c-8.8 0-16 7.2-16 16v32c0 8.8 7.2 16 16 16h28l20 160v16c0 8.8 7.2 16 16 16h32c8.8 0 16-7.2 16-16v-16h320v16c0 8.8 7.2 16 16 16h32c8.8 0 16-7.2 16-16v-16l20-160h28c8.8 0 16-7.2 16-16v-32c0-8.8-7.2-16-16-16z\"><\/path><\/svg>\t\t\t\t\t\t<\/span>\n\t\t\t\t\t\t\t\t\t\t<span class=\"elementor-icon-list-text\">Counter<\/span>\n\t\t\t\t\t\t\t\t\t<\/li>\n\t\t\t\t\t\t\t\t<li class=\"elementor-icon-list-item\">\n\t\t\t\t\t\t\t\t\t\t\t<span class=\"elementor-icon-list-icon\">\n\t\t\t\t\t\t\t<svg aria-hidden=\"true\" class=\"e-font-icon-svg e-fab-hotjar\" viewbox=\"0 0 448 512\" xmlns=\"http:\/\/www.w3.org\/2000\/svg\"><path d=\"M414.9 161.5C340.2 29 121.1 0 121.1 0S222.2 110.4 93 197.7C11.3 252.8-21 324.4 14 402.6c26.8 59.9 83.5 84.3 144.6 93.4-29.2-55.1-6.6-122.4-4.1-129.6 57.1 86.4 165 0 110.8-93.9 71 15.4 81.6 138.6 27.1 215.5 80.5-25.3 134.1-88.9 148.8-145.6 15.5-59.3 3.7-127.9-26.3-180.9z\"><\/path><\/svg>\t\t\t\t\t\t<\/span>\n\t\t\t\t\t\t\t\t\t\t<span class=\"elementor-icon-list-text\">Hot kitchen<\/span>\n\t\t\t\t\t\t\t\t\t<\/li>\n\t\t\t\t\t\t\t\t<li class=\"elementor-icon-list-item\">\n\t\t\t\t\t\t\t\t\t\t\t<span class=\"elementor-icon-list-icon\">\n\t\t\t\t\t\t\t<svg aria-hidden=\"true\" class=\"e-font-icon-svg e-fas-toilet\" viewbox=\"0 0 384 512\" xmlns=\"http:\/\/www.w3.org\/2000\/svg\"><path d=\"M368 48c8.8 0 16-7.2 16-16V16c0-8.8-7.2-16-16-16H16C7.2 0 0 7.2 0 16v16c0 8.8 7.2 16 16 16h16v156.7C11.8 214.8 0 226.9 0 240c0 67.2 34.6 126.2 86.8 160.5l-21.4 70.2C59.1 491.2 74.5 512 96 512h192c21.5 0 36.9-20.8 30.6-41.3l-21.4-70.2C349.4 366.2 384 307.2 384 240c0-13.1-11.8-25.2-32-35.3V48h16zM80 72c0-4.4 3.6-8 8-8h48c4.4 0 8 3.6 8 8v16c0 4.4-3.6 8-8 8H88c-4.4 0-8-3.6-8-8V72zm112 200c-77.1 0-139.6-14.3-139.6-32s62.5-32 139.6-32 139.6 14.3 139.6 32-62.5 32-139.6 32z\"><\/path><\/svg>\t\t\t\t\t\t<\/span>\n\t\t\t\t\t\t\t\t\t\t<span class=\"elementor-icon-list-text\">Bathroom<\/span>\n\t\t\t\t\t\t\t\t\t<\/li>\n\t\t\t\t\t\t<\/ul>\n\t\t\t\t\t\t<\/div>\n\t\t\t\t<\/div>\n\t\t\t\t<\/div>\n\t\t<div class=\"elementor-element elementor-element-915c2d7 e-con-full e-flex e-con e-child\" data-id=\"915c2d7\" data-element_type=\"container\" data-e-type=\"container\">\n\t\t\t\t<div class=\"elementor-element elementor-element-0119c6f animated-slow elementor-icon-list--layout-traditional elementor-list-item-link-full_width elementor-invisible elementor-widget elementor-widget-icon-list\" data-id=\"0119c6f\" data-element_type=\"widget\" data-e-type=\"widget\" data-settings=\"{&quot;_animation&quot;:&quot;fadeInUp&quot;,&quot;_animation_delay&quot;:600}\" data-widget_type=\"icon-list.default\">\n\t\t\t\t<div class=\"elementor-widget-container\">\n\t\t\t\t\t\t\t<ul class=\"elementor-icon-list-items\">\n\t\t\t\t\t\t\t<li class=\"elementor-icon-list-item\">\n\t\t\t\t\t\t\t\t\t\t\t<span class=\"elementor-icon-list-icon\">\n\t\t\t\t\t\t\t<svg aria-hidden=\"true\" class=\"e-font-icon-svg e-fas-snowplow\" viewbox=\"0 0 640 512\" xmlns=\"http:\/\/www.w3.org\/2000\/svg\"><path d=\"M120 376c-13.3 0-24 10.7-24 24s10.7 24 24 24 24-10.7 24-24-10.7-24-24-24zm80 0c-13.3 0-24 10.7-24 24s10.7 24 24 24 24-10.7 24-24-10.7-24-24-24zm80 0c-13.3 0-24 10.7-24 24s10.7 24 24 24 24-10.7 24-24-10.7-24-24-24zm80 0c-13.3 0-24 10.7-24 24s10.7 24 24 24 24-10.7 24-24-10.7-24-24-24zm238.6 49.4c-14.5-14.5-22.6-34.1-22.6-54.6V269.2c0-20.5 8.1-40.1 22.6-54.6l36.7-36.7c6.2-6.2 6.2-16.4 0-22.6l-22.6-22.6c-6.2-6.2-16.4-6.2-22.6 0l-36.7 36.7c-26.5 26.5-41.4 62.4-41.4 99.9V288h-64v-50.9c0-8.7-1.8-17.2-5.2-25.2L364.5 29.1C356.9 11.4 339.6 0 320.3 0H176c-26.5 0-48 21.5-48 48v112h-16c-26.5 0-48 21.5-48 48v91.2C26.3 317.2 0 355.4 0 400c0 61.9 50.1 112 112 112h256c61.9 0 112-50.1 112-112 0-17.3-4.2-33.4-11.2-48H512v18.7c0 37.5 14.9 73.4 41.4 99.9l36.7 36.7c6.2 6.2 16.4 6.2 22.6 0l22.6-22.6c6.2-6.2 6.2-16.4 0-22.6l-36.7-36.7zM192 64h117.8l68.6 160H256l-64-64V64zm176 384H112c-26.5 0-48-21.5-48-48s21.5-48 48-48h256c26.5 0 48 21.5 48 48s-21.5 48-48 48z\"><\/path><\/svg>\t\t\t\t\t\t<\/span>\n\t\t\t\t\t\t\t\t\t\t<span class=\"elementor-icon-list-text\">Work done in 2022<\/span>\n\t\t\t\t\t\t\t\t\t<\/li>\n\t\t\t\t\t\t\t\t<li class=\"elementor-icon-list-item\">\n\t\t\t\t\t\t\t\t\t\t\t<span class=\"elementor-icon-list-icon\">\n\t\t\t\t\t\t\t<svg aria-hidden=\"true\" class=\"e-font-icon-svg e-fab-trello\" viewbox=\"0 0 448 512\" xmlns=\"http:\/\/www.w3.org\/2000\/svg\"><path d=\"M392.3 32H56.1C25.1 32 0 57.1 0 88c-.1 0 0-4 0 336 0 30.9 25.1 56 56 56h336.2c30.8-.2 55.7-25.2 55.7-56V88c.1-30.8-24.8-55.8-55.6-56zM197 371.3c-.2 14.7-12.1 26.6-26.9 26.6H87.4c-14.8.1-26.9-11.8-27-26.6V117.1c0-14.8 12-26.9 26.9-26.9h82.9c14.8 0 26.9 12 26.9 26.9v254.2zm193.1-112c0 14.8-12 26.9-26.9 26.9h-81c-14.8 0-26.9-12-26.9-26.9V117.2c0-14.8 12-26.9 26.8-26.9h81.1c14.8 0 26.9 12 26.9 26.9v142.1z\"><\/path><\/svg>\t\t\t\t\t\t<\/span>\n\t\t\t\t\t\t\t\t\t\t<span class=\"elementor-icon-list-text\">Coating technique: MICROCEMENTO, GRANY PLAX, BRICKS AND STUCCO<\/span>\n\t\t\t\t\t\t\t\t\t<\/li>\n\t\t\t\t\t\t<\/ul>\n\t\t\t\t\t\t<\/div>\n\t\t\t\t<\/div>\n\t\t\t\t<\/div>\n\t\t<div class=\"elementor-element elementor-element-c8fffeb e-con-full e-flex e-con e-child\" data-id=\"c8fffeb\" data-element_type=\"container\" data-e-type=\"container\">\n\t\t\t\t<div class=\"elementor-element elementor-element-3ade49e elementor-align-center sdc-btn2-vj animated-slow elementor-invisible elementor-widget elementor-widget-button\" data-id=\"3ade49e\" data-element_type=\"widget\" data-e-type=\"widget\" data-settings=\"{&quot;_animation&quot;:&quot;fadeInUp&quot;,&quot;_animation_delay&quot;:800}\" data-widget_type=\"button.default\">\n\t\t\t\t<div class=\"elementor-widget-container\">\n\t\t\t\t\t\t\t\t\t<div class=\"elementor-button-wrapper\">\n\t\t\t\t\t<a class=\"elementor-button elementor-button-link elementor-size-sm\" href=\"https:\/\/www.santosdominguez.net\/en\/contacto-santos-dominguez\/\" target=\"_blank\">\n\t\t\t\t\t\t<span class=\"elementor-button-content-wrapper\">\n\t\t\t\t\t\t\t\t\t<span class=\"elementor-button-text\">REQUEST QUOTE<\/span>\n\t\t\t\t\t<\/span>\n\t\t\t\t\t<\/a>\n\t\t\t\t<\/div>\n\t\t\t\t\t\t\t\t<\/div>\n\t\t\t\t<\/div>\n\t\t\t\t<\/div>\n\t\t\t\t<\/div>\n\t\t<div class=\"elementor-element elementor-element-b92ad66 e-con-full e-flex e-con e-parent\" data-id=\"b92ad66\" data-element_type=\"container\" data-e-type=\"container\" data-settings=\"{&quot;background_background&quot;:&quot;classic&quot;}\">\n\t\t<div class=\"elementor-element elementor-element-9b9109f e-con-full e-flex e-con e-child\" data-id=\"9b9109f\" data-element_type=\"container\" data-e-type=\"container\">\n\t\t\t\t<div class=\"elementor-element elementor-element-4b8936d elementor-skin-slideshow elementor-arrows-yes elementor-widget elementor-widget-media-carousel\" data-id=\"4b8936d\" data-element_type=\"widget\" data-e-type=\"widget\" data-settings=\"{&quot;skin&quot;:&quot;slideshow&quot;,&quot;speed&quot;:1500,&quot;autoplay_speed&quot;:2500,&quot;effect&quot;:&quot;slide&quot;,&quot;show_arrows&quot;:&quot;yes&quot;,&quot;autoplay&quot;:&quot;yes&quot;,&quot;loop&quot;:&quot;yes&quot;,&quot;pause_on_hover&quot;:&quot;yes&quot;,&quot;pause_on_interaction&quot;:&quot;yes&quot;,&quot;space_between&quot;:{&quot;unit&quot;:&quot;px&quot;,&quot;size&quot;:10,&quot;sizes&quot;:[]},&quot;space_between_widescreen&quot;:{&quot;unit&quot;:&quot;px&quot;,&quot;size&quot;:10,&quot;sizes&quot;:[]},&quot;space_between_laptop&quot;:{&quot;unit&quot;:&quot;px&quot;,&quot;size&quot;:10,&quot;sizes&quot;:[]},&quot;space_between_tablet_extra&quot;:{&quot;unit&quot;:&quot;px&quot;,&quot;size&quot;:10,&quot;sizes&quot;:[]},&quot;space_between_tablet&quot;:{&quot;unit&quot;:&quot;px&quot;,&quot;size&quot;:10,&quot;sizes&quot;:[]},&quot;space_between_mobile_extra&quot;:{&quot;unit&quot;:&quot;px&quot;,&quot;size&quot;:10,&quot;sizes&quot;:[]},&quot;space_between_mobile&quot;:{&quot;unit&quot;:&quot;px&quot;,&quot;size&quot;:10,&quot;sizes&quot;:[]}}\" data-widget_type=\"media-carousel.default\">\n\t\t\t\t<div class=\"elementor-widget-container\">\n\t\t\t\t\t\t\t\t\t<div class=\"elementor-swiper\">\n\t\t\t\t\t<div class=\"elementor-main-swiper swiper\" role=\"region\" aria-roledescription=\"carousel\" aria-label=\"Slides\">\n\t\t\t\t<div class=\"swiper-wrapper\">\n\t\t\t\t\t\t\t\t\t\t\t<div class=\"swiper-slide\" role=\"group\" aria-roledescription=\"slide\">\n\t\t\t\t\t\t\t<a href=\"https:\/\/www.santosdominguez.net\/wp-content\/uploads\/2023\/07\/SW-1.webp\" data-elementor-open-lightbox=\"yes\" data-elementor-lightbox-slideshow=\"4b8936d\" data-elementor-lightbox-title=\"SW-1.webp\" data-e-action-hash=\"#elementor-action%3Aaction%3Dlightbox%26settings%3DeyJpZCI6IjUwIiwidXJsIjoiaHR0cHM6XC9cL3d3dy5zYW50b3Nkb21pbmd1ZXoubmV0XC93cC1jb250ZW50XC91cGxvYWRzXC8yMDIzXC8wN1wvU1ctMS53ZWJwIiwic2xpZGVzaG93IjoiNGI4OTM2ZCJ9\">\t\t<div class=\"elementor-carousel-image\" role=\"img\" aria-label=\"SW-1.webp\" style=\"background-image: url(&#039;https:\/\/www.santosdominguez.net\/wp-content\/uploads\/2023\/07\/SW-1.webp&#039;)\">\n\n\t\t\t\n\t\t\t\t\t<\/div>\n\t\t<\/a>\t\t\t\t\t\t<\/div>\n\t\t\t\t\t\t\t\t\t\t\t<div class=\"swiper-slide\" role=\"group\" aria-roledescription=\"slide\">\n\t\t\t\t\t\t\t<a href=\"https:\/\/www.santosdominguez.net\/wp-content\/uploads\/2023\/07\/SW-3.webp\" data-elementor-open-lightbox=\"yes\" data-elementor-lightbox-slideshow=\"4b8936d\" data-elementor-lightbox-title=\"SW-3.webp\" data-e-action-hash=\"#elementor-action%3Aaction%3Dlightbox%26settings%3DeyJpZCI6MjA0LCJ1cmwiOiJodHRwczpcL1wvd3d3LnNhbnRvc2RvbWluZ3Vlei5uZXRcL3dwLWNvbnRlbnRcL3VwbG9hZHNcLzIwMjNcLzA3XC9TVy0zLndlYnAiLCJzbGlkZXNob3ciOiI0Yjg5MzZkIn0%3D\">\t\t<div class=\"elementor-carousel-image\" role=\"img\" aria-label=\"SW-3.webp\" style=\"background-image: url(&#039;https:\/\/www.santosdominguez.net\/wp-content\/uploads\/2023\/07\/SW-3.webp&#039;)\">\n\n\t\t\t\n\t\t\t\t\t<\/div>\n\t\t<\/a>\t\t\t\t\t\t<\/div>\n\t\t\t\t\t\t\t\t\t\t\t<div class=\"swiper-slide\" role=\"group\" aria-roledescription=\"slide\">\n\t\t\t\t\t\t\t<a href=\"https:\/\/www.santosdominguez.net\/wp-content\/uploads\/2023\/07\/SW-2.webp\" data-elementor-open-lightbox=\"yes\" data-elementor-lightbox-slideshow=\"4b8936d\" data-elementor-lightbox-title=\"SW-2.webp\" data-e-action-hash=\"#elementor-action%3Aaction%3Dlightbox%26settings%3DeyJpZCI6MjA1LCJ1cmwiOiJodHRwczpcL1wvd3d3LnNhbnRvc2RvbWluZ3Vlei5uZXRcL3dwLWNvbnRlbnRcL3VwbG9hZHNcLzIwMjNcLzA3XC9TVy0yLndlYnAiLCJzbGlkZXNob3ciOiI0Yjg5MzZkIn0%3D\">\t\t<div class=\"elementor-carousel-image\" role=\"img\" aria-label=\"SW-2.webp\" style=\"background-image: url(&#039;https:\/\/www.santosdominguez.net\/wp-content\/uploads\/2023\/07\/SW-2.webp&#039;)\">\n\n\t\t\t\n\t\t\t\t\t<\/div>\n\t\t<\/a>\t\t\t\t\t\t<\/div>\n\t\t\t\t\t\t\t\t\t\t\t<div class=\"swiper-slide\" role=\"group\" aria-roledescription=\"slide\">\n\t\t\t\t\t\t\t<a href=\"https:\/\/www.santosdominguez.net\/wp-content\/uploads\/2023\/07\/SW-4.webp\" data-elementor-open-lightbox=\"yes\" data-elementor-lightbox-slideshow=\"4b8936d\" data-elementor-lightbox-title=\"SW-4.webp\" data-e-action-hash=\"#elementor-action%3Aaction%3Dlightbox%26settings%3DeyJpZCI6MjA2LCJ1cmwiOiJodHRwczpcL1wvd3d3LnNhbnRvc2RvbWluZ3Vlei5uZXRcL3dwLWNvbnRlbnRcL3VwbG9hZHNcLzIwMjNcLzA3XC9TVy00LndlYnAiLCJzbGlkZXNob3ciOiI0Yjg5MzZkIn0%3D\">\t\t<div class=\"elementor-carousel-image\" role=\"img\" aria-label=\"SW-4.webp\" style=\"background-image: url(&#039;https:\/\/www.santosdominguez.net\/wp-content\/uploads\/2023\/07\/SW-4.webp&#039;)\">\n\n\t\t\t\n\t\t\t\t\t<\/div>\n\t\t<\/a>\t\t\t\t\t\t<\/div>\n\t\t\t\t\t\t\t\t\t<\/div>\n\t\t\t\t\t\t\t\t\t\t\t\t\t\t\t<div class=\"elementor-swiper-button elementor-swiper-button-prev\" role=\"button\" tabindex=\"0\" aria-label=\"Previous\">\n\t\t\t\t\t\t\t<svg aria-hidden=\"true\" class=\"e-font-icon-svg e-eicon-chevron-left\" viewbox=\"0 0 1000 1000\" xmlns=\"http:\/\/www.w3.org\/2000\/svg\"><path d=\"M646 125C629 125 613 133 604 142L308 442C296 454 292 471 292 487 292 504 296 521 308 533L604 854C617 867 629 875 646 875 663 875 679 871 692 858 704 846 713 829 713 812 713 796 708 779 692 767L438 487 692 225C700 217 708 204 708 187 708 171 704 154 692 142 675 129 663 125 646 125Z\"><\/path><\/svg>\t\t\t\t\t\t<\/div>\n\t\t\t\t\t\t<div class=\"elementor-swiper-button elementor-swiper-button-next\" role=\"button\" tabindex=\"0\" aria-label=\"Next\">\n\t\t\t\t\t\t\t<svg aria-hidden=\"true\" class=\"e-font-icon-svg e-eicon-chevron-right\" viewbox=\"0 0 1000 1000\" xmlns=\"http:\/\/www.w3.org\/2000\/svg\"><path d=\"M696 533C708 521 713 504 713 487 713 471 708 454 696 446L400 146C388 133 375 125 354 125 338 125 325 129 313 142 300 154 292 171 292 187 292 204 296 221 308 233L563 492 304 771C292 783 288 800 288 817 288 833 296 850 308 863 321 871 338 875 354 875 371 875 388 867 400 854L696 533Z\"><\/path><\/svg>\t\t\t\t\t\t<\/div>\n\t\t\t\t\t\t\t\t\t\t\t\t\t\t\t\t\t<\/div>\n\t\t\t\t<\/div>\n\t\t\t\t\t\t\t\t<div class=\"elementor-swiper\">\n\t\t\t\t\t<div class=\"elementor-main-swiper swiper elementor-thumbnails-swiper swiper\" role=\"region region\" aria-roledescription=\"carousel carousel\" aria-label=\"Slides Slides\">\n\t\t\t\t<div class=\"swiper-wrapper\">\n\t\t\t\t\t\t\t\t\t\t\t<div class=\"swiper-slide\" role=\"group\" aria-roledescription=\"slide\">\n\t\t\t\t\t\t\t\t\t<div class=\"elementor-carousel-image\" role=\"img\" aria-label=\"SW-1.webp\" style=\"background-image: url(&#039;https:\/\/www.santosdominguez.net\/wp-content\/uploads\/2023\/07\/SW-1.webp&#039;)\">\n\n\t\t\t\n\t\t\t\t\t<\/div>\n\t\t<\/a>\t\t\t\t\t\t<\/div>\n\t\t\t\t\t\t\t\t\t\t\t<div class=\"swiper-slide\" role=\"group\" aria-roledescription=\"slide\">\n\t\t\t\t\t\t\t\t\t<div class=\"elementor-carousel-image\" role=\"img\" aria-label=\"SW-3.webp\" style=\"background-image: url(&#039;https:\/\/www.santosdominguez.net\/wp-content\/uploads\/2023\/07\/SW-3.webp&#039;)\">\n\n\t\t\t\n\t\t\t\t\t<\/div>\n\t\t<\/a>\t\t\t\t\t\t<\/div>\n\t\t\t\t\t\t\t\t\t\t\t<div class=\"swiper-slide\" role=\"group\" aria-roledescription=\"slide\">\n\t\t\t\t\t\t\t\t\t<div class=\"elementor-carousel-image\" role=\"img\" aria-label=\"SW-2.webp\" style=\"background-image: url(&#039;https:\/\/www.santosdominguez.net\/wp-content\/uploads\/2023\/07\/SW-2.webp&#039;)\">\n\n\t\t\t\n\t\t\t\t\t<\/div>\n\t\t<\/a>\t\t\t\t\t\t<\/div>\n\t\t\t\t\t\t\t\t\t\t\t<div class=\"swiper-slide\" role=\"group\" aria-roledescription=\"slide\">\n\t\t\t\t\t\t\t\t\t<div class=\"elementor-carousel-image\" role=\"img\" aria-label=\"SW-4.webp\" style=\"background-image: url(&#039;https:\/\/www.santosdominguez.net\/wp-content\/uploads\/2023\/07\/SW-4.webp&#039;)\">\n\n\t\t\t\n\t\t\t\t\t<\/div>\n\t\t<\/a>\t\t\t\t\t\t<\/div>\n\t\t\t\t\t\t\t\t\t<\/div>\n\t\t\t\t\t\t\t\t\t\t\t\t\t\t\t\t\t\t\t\t\t<\/div>\n\t\t\t\t<\/div>\n\t\t\t\t\t\t\t\t<\/div>\n\t\t\t\t<\/div>\n\t\t\t\t<\/div>\n\t\t<div class=\"elementor-element elementor-element-2c3c71f e-con-full e-flex e-con e-child\" data-id=\"2c3c71f\" data-element_type=\"container\" data-e-type=\"container\">\n\t\t\t\t<\/div>\n\t\t<div class=\"elementor-element elementor-element-0fa65ad e-con-full e-flex e-con e-child\" data-id=\"0fa65ad\" data-element_type=\"container\" data-e-type=\"container\">\n\t\t\t\t<\/div>\n\t\t<div class=\"elementor-element elementor-element-5b7740f e-con-full e-flex e-con e-child\" data-id=\"5b7740f\" data-element_type=\"container\" data-e-type=\"container\">\n\t\t\t\t<div class=\"elementor-element elementor-element-9d459b9 elementor-widget elementor-widget-image\" data-id=\"9d459b9\" data-element_type=\"widget\" data-e-type=\"widget\" data-widget_type=\"image.default\">\n\t\t\t\t<div class=\"elementor-widget-container\">\n\t\t\t\t\t\t\t\t\t\t\t\t\t\t\t\t<a href=\"https:\/\/www.santosdominguez.net\/wp-content\/uploads\/2023\/07\/Imagen-VERTICAL-sw.webp\" data-elementor-open-lightbox=\"yes\" data-elementor-lightbox-title=\"Imagen-VERTICAL-sw.webp\" data-e-action-hash=\"#elementor-action%3Aaction%3Dlightbox%26settings%3DeyJpZCI6MjA3LCJ1cmwiOiJodHRwczpcL1wvd3d3LnNhbnRvc2RvbWluZ3Vlei5uZXRcL3dwLWNvbnRlbnRcL3VwbG9hZHNcLzIwMjNcLzA3XC9JbWFnZW4tVkVSVElDQUwtc3cud2VicCJ9\">\n\t\t\t\t\t\t\t<img fetchpriority=\"high\" decoding=\"async\" width=\"500\" height=\"755\" src=\"https:\/\/www.santosdominguez.net\/wp-content\/uploads\/2023\/07\/Imagen-VERTICAL-sw.webp\" class=\"attachment-large size-large wp-image-207\" alt=\"\" srcset=\"https:\/\/www.santosdominguez.net\/wp-content\/uploads\/2023\/07\/Imagen-VERTICAL-sw.webp 500w, https:\/\/www.santosdominguez.net\/wp-content\/uploads\/2023\/07\/Imagen-VERTICAL-sw-199x300.webp 199w, https:\/\/www.santosdominguez.net\/wp-content\/uploads\/2023\/07\/Imagen-VERTICAL-sw-8x12.webp 8w\" sizes=\"(max-width: 500px) 100vw, 500px\" \/>\t\t\t\t\t\t\t\t<\/a>\n\t\t\t\t\t\t\t\t\t\t\t\t\t\t\t<\/div>\n\t\t\t\t<\/div>\n\t\t\t\t<div class=\"elementor-element elementor-element-234a0dc elementor-widget__width-initial elementor-invisible elementor-widget elementor-widget-heading\" data-id=\"234a0dc\" data-element_type=\"widget\" data-e-type=\"widget\" data-settings=\"{&quot;_animation&quot;:&quot;fadeInUp&quot;}\" data-widget_type=\"heading.default\">\n\t\t\t\t<div class=\"elementor-widget-container\">\n\t\t\t\t\t<p class=\"elementor-heading-title elementor-size-default\">Mural detail<\/p>\t\t\t\t<\/div>\n\t\t\t\t<\/div>\n\t\t\t\t<\/div>\n\t\t\t\t<\/div>\n\t\t<div class=\"elementor-element elementor-element-656e1cf e-con-full e-flex e-con e-parent\" data-id=\"656e1cf\" data-element_type=\"container\" data-e-type=\"container\">\n\t\t\t\t<div class=\"elementor-element elementor-element-b2911bd elementor-widget elementor-widget-google_maps\" data-id=\"b2911bd\" data-element_type=\"widget\" data-e-type=\"widget\" data-widget_type=\"google_maps.default\">\n\t\t\t\t<div class=\"elementor-widget-container\">\n\t\t\t\t\t\t\t<div class=\"elementor-custom-embed\">\n\t\t\t<iframe loading=\"lazy\"\n\t\t\t\t\tsrc=\"https:\/\/maps.google.com\/maps?q=Shake%20wings%20santiago%20de%20los%20caballeros&#038;t=m&#038;z=17&#038;output=embed&#038;iwloc=near\"\n\t\t\t\t\ttitle=\"Shake wings santiago de los caballeros\"\n\t\t\t\t\taria-label=\"Shake wings santiago de los caballeros\"\n\t\t\t><\/iframe>\n\t\t<\/div>\n\t\t\t\t\t\t<\/div>\n\t\t\t\t<\/div>\n\t\t\t\t<\/div>\n\t\t\t\t<\/div>","protected":false},"excerpt":{"rendered":"<p>SHAKE WINGS Sobre este proyecto: Shake Wings nace de la necesidad de un espacio moderno, divertido y familiar para la gastronom\u00eda en Santiago de los Caballeros. Su interiorismo se desarrolla con un dise\u00f1o industrial donde se exponen elementos propios de la construcci\u00f3n como parte del dise\u00f1o. Elementos vistos como el microcemento, acero, perfiler\u00eda negra y [&hellip;]<\/p>\n","protected":false},"author":4,"featured_media":0,"parent":0,"menu_order":0,"comment_status":"closed","ping_status":"closed","template":"","meta":{"footnotes":""},"class_list":["post-202","page","type-page","status-publish","hentry"],"_links":{"self":[{"href":"https:\/\/www.santosdominguez.net\/en\/wp-json\/wp\/v2\/pages\/202","targetHints":{"allow":["GET"]}}],"collection":[{"href":"https:\/\/www.santosdominguez.net\/en\/wp-json\/wp\/v2\/pages"}],"about":[{"href":"https:\/\/www.santosdominguez.net\/en\/wp-json\/wp\/v2\/types\/page"}],"author":[{"embeddable":true,"href":"https:\/\/www.santosdominguez.net\/en\/wp-json\/wp\/v2\/users\/4"}],"replies":[{"embeddable":true,"href":"https:\/\/www.santosdominguez.net\/en\/wp-json\/wp\/v2\/comments?post=202"}],"version-history":[{"count":0,"href":"https:\/\/www.santosdominguez.net\/en\/wp-json\/wp\/v2\/pages\/202\/revisions"}],"wp:attachment":[{"href":"https:\/\/www.santosdominguez.net\/en\/wp-json\/wp\/v2\/media?parent=202"}],"curies":[{"name":"wp","href":"https:\/\/api.w.org\/{rel}","templated":true}]}}