{"id":214,"date":"2023-07-13T01:28:57","date_gmt":"2023-07-13T05:28:57","guid":{"rendered":"https:\/\/www.santosdominguez.net\/?page_id=214"},"modified":"2023-07-13T17:37:28","modified_gmt":"2023-07-13T21:37:28","slug":"amigos-plaza","status":"publish","type":"page","link":"https:\/\/www.santosdominguez.net\/en\/amigos-plaza\/","title":{"rendered":"Amigos Plaza"},"content":{"rendered":"<div data-elementor-type=\"wp-page\" data-elementor-id=\"214\" class=\"elementor elementor-214\" data-elementor-post-type=\"page\">\n\t\t\t\t<div class=\"elementor-element elementor-element-3fa1106 e-con-full e-flex e-con e-parent\" data-id=\"3fa1106\" data-element_type=\"container\" data-e-type=\"container\" data-settings=\"{&quot;background_background&quot;:&quot;classic&quot;}\">\n\t\t<div class=\"elementor-element elementor-element-63d1cc0 e-con-full e-flex e-con e-child\" data-id=\"63d1cc0\" data-element_type=\"container\" data-e-type=\"container\">\n\t\t\t\t<div class=\"elementor-element elementor-element-8bdd65a elementor-widget__width-initial animated-slow elementor-invisible elementor-widget elementor-widget-heading\" data-id=\"8bdd65a\" data-element_type=\"widget\" data-e-type=\"widget\" data-settings=\"{&quot;_animation&quot;:&quot;fadeInUp&quot;}\" data-widget_type=\"heading.default\">\n\t\t\t\t<div class=\"elementor-widget-container\">\n\t\t\t\t\t<h1 class=\"elementor-heading-title elementor-size-default\">RESTAURANTE AMIGOS FOOD FACTORY\n<\/h1>\t\t\t\t<\/div>\n\t\t\t\t<\/div>\n\t\t\t\t<\/div>\n\t\t<div class=\"elementor-element elementor-element-9501d2f e-con-full e-flex e-con e-child\" data-id=\"9501d2f\" data-element_type=\"container\" data-e-type=\"container\">\n\t\t\t\t<div class=\"elementor-element elementor-element-ba26dd4 animated-slow elementor-invisible elementor-widget elementor-widget-text-editor\" data-id=\"ba26dd4\" data-element_type=\"widget\" data-e-type=\"widget\" data-settings=\"{&quot;_animation&quot;:&quot;fadeInUp&quot;,&quot;_animation_delay&quot;:400}\" data-widget_type=\"text-editor.default\">\n\t\t\t\t<div class=\"elementor-widget-container\">\n\t\t\t\t\t\t\t\t\t<p><strong>About this project:<\/strong><\/p><p>This project was the adaptation of the first level of a commercial premises building to house a gastronomic franchise.<\/p>\t\t\t\t\t\t\t\t<\/div>\n\t\t\t\t<\/div>\n\t\t\t\t<\/div>\n\t\t<div class=\"elementor-element elementor-element-37b52a3 e-con-full e-flex e-con e-child\" data-id=\"37b52a3\" data-element_type=\"container\" data-e-type=\"container\">\n\t\t\t\t<div class=\"elementor-element elementor-element-d8676ca animated-slow elementor-invisible elementor-widget elementor-widget-text-editor\" data-id=\"d8676ca\" data-element_type=\"widget\" data-e-type=\"widget\" data-settings=\"{&quot;_animation&quot;:&quot;fadeInUp&quot;,&quot;_animation_delay&quot;:400}\" data-widget_type=\"text-editor.default\">\n\t\t\t\t<div class=\"elementor-widget-container\">\n\t\t\t\t\t\t\t\t\t<p>In the interior, a ceiling and lighting design was carried out as well as a selection of finishes and furniture combining the Boho chic and industrial styles.<\/p><p>On the outside, a bar was created with a direct connection to a terrace where wooden elements and the presence of vegetation predominate.<\/p>\t\t\t\t\t\t\t\t<\/div>\n\t\t\t\t<\/div>\n\t\t\t\t<\/div>\n\t\t<div class=\"elementor-element elementor-element-aa7fe28 e-con-full e-flex e-con e-child\" data-id=\"aa7fe28\" data-element_type=\"container\" data-e-type=\"container\">\n\t\t\t\t<div class=\"elementor-element elementor-element-7b97041 elementor-align-center sdc-btn-amigos animated-slow elementor-invisible elementor-widget elementor-widget-button\" data-id=\"7b97041\" data-element_type=\"widget\" data-e-type=\"widget\" data-settings=\"{&quot;_animation&quot;:&quot;fadeInUp&quot;,&quot;_animation_delay&quot;:800}\" data-widget_type=\"button.default\">\n\t\t\t\t<div class=\"elementor-widget-container\">\n\t\t\t\t\t\t\t\t\t<div class=\"elementor-button-wrapper\">\n\t\t\t\t\t<a class=\"elementor-button elementor-button-link elementor-size-sm\" href=\"#more-amigos\">\n\t\t\t\t\t\t<span class=\"elementor-button-content-wrapper\">\n\t\t\t\t\t\t\t\t\t<span class=\"elementor-button-text\">MORE INFORMATION<\/span>\n\t\t\t\t\t<\/span>\n\t\t\t\t\t<\/a>\n\t\t\t\t<\/div>\n\t\t\t\t\t\t\t\t<\/div>\n\t\t\t\t<\/div>\n\t\t\t\t<\/div>\n\t\t\t\t<\/div>\n\t\t<div class=\"elementor-element elementor-element-0982cbd e-con-full e-flex e-con e-parent\" data-id=\"0982cbd\" data-element_type=\"container\" data-e-type=\"container\" id=\"more-amigos\" data-settings=\"{&quot;background_background&quot;:&quot;classic&quot;}\">\n\t\t<div class=\"elementor-element elementor-element-7cdf4bd e-con-full e-flex e-con e-child\" data-id=\"7cdf4bd\" data-element_type=\"container\" data-e-type=\"container\">\n\t\t\t\t<div class=\"elementor-element elementor-element-0b0acaf elementor-widget__width-initial animated-slow elementor-invisible elementor-widget elementor-widget-heading\" data-id=\"0b0acaf\" data-element_type=\"widget\" data-e-type=\"widget\" data-settings=\"{&quot;_animation&quot;:&quot;fadeInUp&quot;}\" data-widget_type=\"heading.default\">\n\t\t\t\t<div class=\"elementor-widget-container\">\n\t\t\t\t\t<p class=\"elementor-heading-title elementor-size-default\">First level<\/p>\t\t\t\t<\/div>\n\t\t\t\t<\/div>\n\t\t\t\t<\/div>\n\t\t<div class=\"elementor-element elementor-element-7094ba0 e-con-full e-flex e-con e-child\" data-id=\"7094ba0\" data-element_type=\"container\" data-e-type=\"container\">\n\t\t\t\t<\/div>\n\t\t<div class=\"elementor-element elementor-element-2f3662a e-con-full e-flex e-con e-child\" data-id=\"2f3662a\" data-element_type=\"container\" data-e-type=\"container\">\n\t\t\t\t<\/div>\n\t\t<div class=\"elementor-element elementor-element-c3e34b3 e-con-full e-flex e-con e-child\" data-id=\"c3e34b3\" data-element_type=\"container\" data-e-type=\"container\">\n\t\t\t\t<div class=\"elementor-element elementor-element-2cd1578 elementor-align-center sdc-btn2-vj animated-slow elementor-invisible elementor-widget elementor-widget-button\" data-id=\"2cd1578\" data-element_type=\"widget\" data-e-type=\"widget\" data-settings=\"{&quot;_animation&quot;:&quot;fadeInUp&quot;,&quot;_animation_delay&quot;:800}\" data-widget_type=\"button.default\">\n\t\t\t\t<div class=\"elementor-widget-container\">\n\t\t\t\t\t\t\t\t\t<div class=\"elementor-button-wrapper\">\n\t\t\t\t\t<a class=\"elementor-button elementor-button-link elementor-size-sm\" href=\"https:\/\/www.santosdominguez.net\/en\/contacto-santos-dominguez\/\" target=\"_blank\">\n\t\t\t\t\t\t<span class=\"elementor-button-content-wrapper\">\n\t\t\t\t\t\t\t\t\t<span class=\"elementor-button-text\">REQUEST QUOTE<\/span>\n\t\t\t\t\t<\/span>\n\t\t\t\t\t<\/a>\n\t\t\t\t<\/div>\n\t\t\t\t\t\t\t\t<\/div>\n\t\t\t\t<\/div>\n\t\t\t\t<\/div>\n\t\t\t\t<\/div>\n\t\t<div class=\"elementor-element elementor-element-c9948f6 e-con-full e-flex e-con e-parent\" data-id=\"c9948f6\" data-element_type=\"container\" data-e-type=\"container\" data-settings=\"{&quot;background_background&quot;:&quot;classic&quot;}\">\n\t\t<div class=\"elementor-element elementor-element-29be996 e-con-full e-flex e-con e-child\" data-id=\"29be996\" data-element_type=\"container\" data-e-type=\"container\">\n\t\t\t\t<div class=\"elementor-element elementor-element-faf50c3 elementor-skin-slideshow elementor-arrows-yes elementor-widget elementor-widget-media-carousel\" data-id=\"faf50c3\" data-element_type=\"widget\" data-e-type=\"widget\" data-settings=\"{&quot;skin&quot;:&quot;slideshow&quot;,&quot;speed&quot;:1500,&quot;autoplay_speed&quot;:2500,&quot;effect&quot;:&quot;slide&quot;,&quot;show_arrows&quot;:&quot;yes&quot;,&quot;autoplay&quot;:&quot;yes&quot;,&quot;loop&quot;:&quot;yes&quot;,&quot;pause_on_hover&quot;:&quot;yes&quot;,&quot;pause_on_interaction&quot;:&quot;yes&quot;,&quot;space_between&quot;:{&quot;unit&quot;:&quot;px&quot;,&quot;size&quot;:10,&quot;sizes&quot;:[]},&quot;space_between_widescreen&quot;:{&quot;unit&quot;:&quot;px&quot;,&quot;size&quot;:10,&quot;sizes&quot;:[]},&quot;space_between_laptop&quot;:{&quot;unit&quot;:&quot;px&quot;,&quot;size&quot;:10,&quot;sizes&quot;:[]},&quot;space_between_tablet_extra&quot;:{&quot;unit&quot;:&quot;px&quot;,&quot;size&quot;:10,&quot;sizes&quot;:[]},&quot;space_between_tablet&quot;:{&quot;unit&quot;:&quot;px&quot;,&quot;size&quot;:10,&quot;sizes&quot;:[]},&quot;space_between_mobile_extra&quot;:{&quot;unit&quot;:&quot;px&quot;,&quot;size&quot;:10,&quot;sizes&quot;:[]},&quot;space_between_mobile&quot;:{&quot;unit&quot;:&quot;px&quot;,&quot;size&quot;:10,&quot;sizes&quot;:[]}}\" data-widget_type=\"media-carousel.default\">\n\t\t\t\t<div class=\"elementor-widget-container\">\n\t\t\t\t\t\t\t\t\t<div class=\"elementor-swiper\">\n\t\t\t\t\t<div class=\"elementor-main-swiper swiper\" role=\"region\" aria-roledescription=\"carousel\" aria-label=\"Slides\">\n\t\t\t\t<div class=\"swiper-wrapper\">\n\t\t\t\t\t\t\t\t\t\t\t<div class=\"swiper-slide\" role=\"group\" aria-roledescription=\"slide\">\n\t\t\t\t\t\t\t<a href=\"https:\/\/www.santosdominguez.net\/wp-content\/uploads\/2023\/07\/AP-7.webp\" data-elementor-open-lightbox=\"yes\" data-elementor-lightbox-slideshow=\"faf50c3\" data-elementor-lightbox-title=\"AP-7.webp\" data-e-action-hash=\"#elementor-action%3Aaction%3Dlightbox%26settings%3DeyJpZCI6MjE3LCJ1cmwiOiJodHRwczpcL1wvd3d3LnNhbnRvc2RvbWluZ3Vlei5uZXRcL3dwLWNvbnRlbnRcL3VwbG9hZHNcLzIwMjNcLzA3XC9BUC03LndlYnAiLCJzbGlkZXNob3ciOiJmYWY1MGMzIn0%3D\">\t\t<div class=\"elementor-carousel-image\" role=\"img\" aria-label=\"AP-7.webp\" style=\"background-image: url(&#039;https:\/\/www.santosdominguez.net\/wp-content\/uploads\/2023\/07\/AP-7.webp&#039;)\">\n\n\t\t\t\n\t\t\t\t\t<\/div>\n\t\t<\/a>\t\t\t\t\t\t<\/div>\n\t\t\t\t\t\t\t\t\t\t\t<div class=\"swiper-slide\" role=\"group\" aria-roledescription=\"slide\">\n\t\t\t\t\t\t\t<a href=\"https:\/\/www.santosdominguez.net\/wp-content\/uploads\/2023\/07\/AP-5.webp\" data-elementor-open-lightbox=\"yes\" data-elementor-lightbox-slideshow=\"faf50c3\" data-elementor-lightbox-title=\"AP-5.webp\" data-e-action-hash=\"#elementor-action%3Aaction%3Dlightbox%26settings%3DeyJpZCI6MjE2LCJ1cmwiOiJodHRwczpcL1wvd3d3LnNhbnRvc2RvbWluZ3Vlei5uZXRcL3dwLWNvbnRlbnRcL3VwbG9hZHNcLzIwMjNcLzA3XC9BUC01LndlYnAiLCJzbGlkZXNob3ciOiJmYWY1MGMzIn0%3D\">\t\t<div class=\"elementor-carousel-image\" role=\"img\" aria-label=\"AP-5.webp\" style=\"background-image: url(&#039;https:\/\/www.santosdominguez.net\/wp-content\/uploads\/2023\/07\/AP-5.webp&#039;)\">\n\n\t\t\t\n\t\t\t\t\t<\/div>\n\t\t<\/a>\t\t\t\t\t\t<\/div>\n\t\t\t\t\t\t\t\t\t\t\t<div class=\"swiper-slide\" role=\"group\" aria-roledescription=\"slide\">\n\t\t\t\t\t\t\t<a href=\"https:\/\/www.santosdominguez.net\/wp-content\/uploads\/2023\/07\/AP-6.webp\" data-elementor-open-lightbox=\"yes\" data-elementor-lightbox-slideshow=\"faf50c3\" data-elementor-lightbox-title=\"AP-6.webp\" data-e-action-hash=\"#elementor-action%3Aaction%3Dlightbox%26settings%3DeyJpZCI6MjE4LCJ1cmwiOiJodHRwczpcL1wvd3d3LnNhbnRvc2RvbWluZ3Vlei5uZXRcL3dwLWNvbnRlbnRcL3VwbG9hZHNcLzIwMjNcLzA3XC9BUC02LndlYnAiLCJzbGlkZXNob3ciOiJmYWY1MGMzIn0%3D\">\t\t<div class=\"elementor-carousel-image\" role=\"img\" aria-label=\"AP-6.webp\" style=\"background-image: url(&#039;https:\/\/www.santosdominguez.net\/wp-content\/uploads\/2023\/07\/AP-6.webp&#039;)\">\n\n\t\t\t\n\t\t\t\t\t<\/div>\n\t\t<\/a>\t\t\t\t\t\t<\/div>\n\t\t\t\t\t\t\t\t\t\t\t<div class=\"swiper-slide\" role=\"group\" aria-roledescription=\"slide\">\n\t\t\t\t\t\t\t<a href=\"https:\/\/www.santosdominguez.net\/wp-content\/uploads\/2023\/07\/AP-4.webp\" data-elementor-open-lightbox=\"yes\" data-elementor-lightbox-slideshow=\"faf50c3\" data-elementor-lightbox-title=\"AP-4.webp\" data-e-action-hash=\"#elementor-action%3Aaction%3Dlightbox%26settings%3DeyJpZCI6MjE5LCJ1cmwiOiJodHRwczpcL1wvd3d3LnNhbnRvc2RvbWluZ3Vlei5uZXRcL3dwLWNvbnRlbnRcL3VwbG9hZHNcLzIwMjNcLzA3XC9BUC00LndlYnAiLCJzbGlkZXNob3ciOiJmYWY1MGMzIn0%3D\">\t\t<div class=\"elementor-carousel-image\" role=\"img\" aria-label=\"AP-4.webp\" style=\"background-image: url(&#039;https:\/\/www.santosdominguez.net\/wp-content\/uploads\/2023\/07\/AP-4.webp&#039;)\">\n\n\t\t\t\n\t\t\t\t\t<\/div>\n\t\t<\/a>\t\t\t\t\t\t<\/div>\n\t\t\t\t\t\t\t\t\t\t\t<div class=\"swiper-slide\" role=\"group\" aria-roledescription=\"slide\">\n\t\t\t\t\t\t\t<a href=\"https:\/\/www.santosdominguez.net\/wp-content\/uploads\/2023\/07\/AP-8.webp\" data-elementor-open-lightbox=\"yes\" data-elementor-lightbox-slideshow=\"faf50c3\" data-elementor-lightbox-title=\"AP-8.webp\" data-e-action-hash=\"#elementor-action%3Aaction%3Dlightbox%26settings%3DeyJpZCI6MjIwLCJ1cmwiOiJodHRwczpcL1wvd3d3LnNhbnRvc2RvbWluZ3Vlei5uZXRcL3dwLWNvbnRlbnRcL3VwbG9hZHNcLzIwMjNcLzA3XC9BUC04LndlYnAiLCJzbGlkZXNob3ciOiJmYWY1MGMzIn0%3D\">\t\t<div class=\"elementor-carousel-image\" role=\"img\" aria-label=\"AP-8.webp\" style=\"background-image: url(&#039;https:\/\/www.santosdominguez.net\/wp-content\/uploads\/2023\/07\/AP-8.webp&#039;)\">\n\n\t\t\t\n\t\t\t\t\t<\/div>\n\t\t<\/a>\t\t\t\t\t\t<\/div>\n\t\t\t\t\t\t\t\t\t\t\t<div class=\"swiper-slide\" role=\"group\" aria-roledescription=\"slide\">\n\t\t\t\t\t\t\t<a href=\"https:\/\/www.santosdominguez.net\/wp-content\/uploads\/2023\/07\/AP-3.webp\" data-elementor-open-lightbox=\"yes\" data-elementor-lightbox-slideshow=\"faf50c3\" data-elementor-lightbox-title=\"AP-3.webp\" data-e-action-hash=\"#elementor-action%3Aaction%3Dlightbox%26settings%3DeyJpZCI6MjIxLCJ1cmwiOiJodHRwczpcL1wvd3d3LnNhbnRvc2RvbWluZ3Vlei5uZXRcL3dwLWNvbnRlbnRcL3VwbG9hZHNcLzIwMjNcLzA3XC9BUC0zLndlYnAiLCJzbGlkZXNob3ciOiJmYWY1MGMzIn0%3D\">\t\t<div class=\"elementor-carousel-image\" role=\"img\" aria-label=\"AP-3.webp\" style=\"background-image: url(&#039;https:\/\/www.santosdominguez.net\/wp-content\/uploads\/2023\/07\/AP-3.webp&#039;)\">\n\n\t\t\t\n\t\t\t\t\t<\/div>\n\t\t<\/a>\t\t\t\t\t\t<\/div>\n\t\t\t\t\t\t\t\t\t\t\t<div class=\"swiper-slide\" role=\"group\" aria-roledescription=\"slide\">\n\t\t\t\t\t\t\t<a href=\"https:\/\/www.santosdominguez.net\/wp-content\/uploads\/2023\/07\/AP-2.webp\" data-elementor-open-lightbox=\"yes\" data-elementor-lightbox-slideshow=\"faf50c3\" data-elementor-lightbox-title=\"AP-2.webp\" data-e-action-hash=\"#elementor-action%3Aaction%3Dlightbox%26settings%3DeyJpZCI6MjIyLCJ1cmwiOiJodHRwczpcL1wvd3d3LnNhbnRvc2RvbWluZ3Vlei5uZXRcL3dwLWNvbnRlbnRcL3VwbG9hZHNcLzIwMjNcLzA3XC9BUC0yLndlYnAiLCJzbGlkZXNob3ciOiJmYWY1MGMzIn0%3D\">\t\t<div class=\"elementor-carousel-image\" role=\"img\" aria-label=\"AP-2.webp\" style=\"background-image: url(&#039;https:\/\/www.santosdominguez.net\/wp-content\/uploads\/2023\/07\/AP-2.webp&#039;)\">\n\n\t\t\t\n\t\t\t\t\t<\/div>\n\t\t<\/a>\t\t\t\t\t\t<\/div>\n\t\t\t\t\t\t\t\t\t\t\t<div class=\"swiper-slide\" role=\"group\" aria-roledescription=\"slide\">\n\t\t\t\t\t\t\t<a href=\"https:\/\/www.santosdominguez.net\/wp-content\/uploads\/2023\/07\/AP-1.webp\" data-elementor-open-lightbox=\"yes\" data-elementor-lightbox-slideshow=\"faf50c3\" data-elementor-lightbox-title=\"AP-1.webp\" data-e-action-hash=\"#elementor-action%3Aaction%3Dlightbox%26settings%3DeyJpZCI6MjIzLCJ1cmwiOiJodHRwczpcL1wvd3d3LnNhbnRvc2RvbWluZ3Vlei5uZXRcL3dwLWNvbnRlbnRcL3VwbG9hZHNcLzIwMjNcLzA3XC9BUC0xLndlYnAiLCJzbGlkZXNob3ciOiJmYWY1MGMzIn0%3D\">\t\t<div class=\"elementor-carousel-image\" role=\"img\" aria-label=\"AP-1.webp\" style=\"background-image: url(&#039;https:\/\/www.santosdominguez.net\/wp-content\/uploads\/2023\/07\/AP-1.webp&#039;)\">\n\n\t\t\t\n\t\t\t\t\t<\/div>\n\t\t<\/a>\t\t\t\t\t\t<\/div>\n\t\t\t\t\t\t\t\t\t<\/div>\n\t\t\t\t\t\t\t\t\t\t\t\t\t\t\t<div class=\"elementor-swiper-button elementor-swiper-button-prev\" role=\"button\" tabindex=\"0\" aria-label=\"Previous\">\n\t\t\t\t\t\t\t<svg aria-hidden=\"true\" class=\"e-font-icon-svg e-eicon-chevron-left\" viewbox=\"0 0 1000 1000\" xmlns=\"http:\/\/www.w3.org\/2000\/svg\"><path d=\"M646 125C629 125 613 133 604 142L308 442C296 454 292 471 292 487 292 504 296 521 308 533L604 854C617 867 629 875 646 875 663 875 679 871 692 858 704 846 713 829 713 812 713 796 708 779 692 767L438 487 692 225C700 217 708 204 708 187 708 171 704 154 692 142 675 129 663 125 646 125Z\"><\/path><\/svg>\t\t\t\t\t\t<\/div>\n\t\t\t\t\t\t<div class=\"elementor-swiper-button elementor-swiper-button-next\" role=\"button\" tabindex=\"0\" aria-label=\"Next\">\n\t\t\t\t\t\t\t<svg aria-hidden=\"true\" class=\"e-font-icon-svg e-eicon-chevron-right\" viewbox=\"0 0 1000 1000\" xmlns=\"http:\/\/www.w3.org\/2000\/svg\"><path d=\"M696 533C708 521 713 504 713 487 713 471 708 454 696 446L400 146C388 133 375 125 354 125 338 125 325 129 313 142 300 154 292 171 292 187 292 204 296 221 308 233L563 492 304 771C292 783 288 800 288 817 288 833 296 850 308 863 321 871 338 875 354 875 371 875 388 867 400 854L696 533Z\"><\/path><\/svg>\t\t\t\t\t\t<\/div>\n\t\t\t\t\t\t\t\t\t\t\t\t\t\t\t\t\t<\/div>\n\t\t\t\t<\/div>\n\t\t\t\t\t\t\t\t<div class=\"elementor-swiper\">\n\t\t\t\t\t<div class=\"elementor-main-swiper swiper elementor-thumbnails-swiper swiper\" role=\"region region\" aria-roledescription=\"carousel carousel\" aria-label=\"Slides Slides\">\n\t\t\t\t<div class=\"swiper-wrapper\">\n\t\t\t\t\t\t\t\t\t\t\t<div class=\"swiper-slide\" role=\"group\" aria-roledescription=\"slide\">\n\t\t\t\t\t\t\t\t\t<div class=\"elementor-carousel-image\" role=\"img\" aria-label=\"AP-7.webp\" style=\"background-image: url(&#039;https:\/\/www.santosdominguez.net\/wp-content\/uploads\/2023\/07\/AP-7.webp&#039;)\">\n\n\t\t\t\n\t\t\t\t\t<\/div>\n\t\t<\/a>\t\t\t\t\t\t<\/div>\n\t\t\t\t\t\t\t\t\t\t\t<div class=\"swiper-slide\" role=\"group\" aria-roledescription=\"slide\">\n\t\t\t\t\t\t\t\t\t<div class=\"elementor-carousel-image\" role=\"img\" aria-label=\"AP-5.webp\" style=\"background-image: url(&#039;https:\/\/www.santosdominguez.net\/wp-content\/uploads\/2023\/07\/AP-5.webp&#039;)\">\n\n\t\t\t\n\t\t\t\t\t<\/div>\n\t\t<\/a>\t\t\t\t\t\t<\/div>\n\t\t\t\t\t\t\t\t\t\t\t<div class=\"swiper-slide\" role=\"group\" aria-roledescription=\"slide\">\n\t\t\t\t\t\t\t\t\t<div class=\"elementor-carousel-image\" role=\"img\" aria-label=\"AP-6.webp\" style=\"background-image: url(&#039;https:\/\/www.santosdominguez.net\/wp-content\/uploads\/2023\/07\/AP-6.webp&#039;)\">\n\n\t\t\t\n\t\t\t\t\t<\/div>\n\t\t<\/a>\t\t\t\t\t\t<\/div>\n\t\t\t\t\t\t\t\t\t\t\t<div class=\"swiper-slide\" role=\"group\" aria-roledescription=\"slide\">\n\t\t\t\t\t\t\t\t\t<div class=\"elementor-carousel-image\" role=\"img\" aria-label=\"AP-4.webp\" style=\"background-image: url(&#039;https:\/\/www.santosdominguez.net\/wp-content\/uploads\/2023\/07\/AP-4.webp&#039;)\">\n\n\t\t\t\n\t\t\t\t\t<\/div>\n\t\t<\/a>\t\t\t\t\t\t<\/div>\n\t\t\t\t\t\t\t\t\t\t\t<div class=\"swiper-slide\" role=\"group\" aria-roledescription=\"slide\">\n\t\t\t\t\t\t\t\t\t<div class=\"elementor-carousel-image\" role=\"img\" aria-label=\"AP-8.webp\" style=\"background-image: url(&#039;https:\/\/www.santosdominguez.net\/wp-content\/uploads\/2023\/07\/AP-8.webp&#039;)\">\n\n\t\t\t\n\t\t\t\t\t<\/div>\n\t\t<\/a>\t\t\t\t\t\t<\/div>\n\t\t\t\t\t\t\t\t\t\t\t<div class=\"swiper-slide\" role=\"group\" aria-roledescription=\"slide\">\n\t\t\t\t\t\t\t\t\t<div class=\"elementor-carousel-image\" role=\"img\" aria-label=\"AP-3.webp\" style=\"background-image: url(&#039;https:\/\/www.santosdominguez.net\/wp-content\/uploads\/2023\/07\/AP-3.webp&#039;)\">\n\n\t\t\t\n\t\t\t\t\t<\/div>\n\t\t<\/a>\t\t\t\t\t\t<\/div>\n\t\t\t\t\t\t\t\t\t\t\t<div class=\"swiper-slide\" role=\"group\" aria-roledescription=\"slide\">\n\t\t\t\t\t\t\t\t\t<div class=\"elementor-carousel-image\" role=\"img\" aria-label=\"AP-2.webp\" style=\"background-image: url(&#039;https:\/\/www.santosdominguez.net\/wp-content\/uploads\/2023\/07\/AP-2.webp&#039;)\">\n\n\t\t\t\n\t\t\t\t\t<\/div>\n\t\t<\/a>\t\t\t\t\t\t<\/div>\n\t\t\t\t\t\t\t\t\t\t\t<div class=\"swiper-slide\" role=\"group\" aria-roledescription=\"slide\">\n\t\t\t\t\t\t\t\t\t<div class=\"elementor-carousel-image\" role=\"img\" aria-label=\"AP-1.webp\" style=\"background-image: url(&#039;https:\/\/www.santosdominguez.net\/wp-content\/uploads\/2023\/07\/AP-1.webp&#039;)\">\n\n\t\t\t\n\t\t\t\t\t<\/div>\n\t\t<\/a>\t\t\t\t\t\t<\/div>\n\t\t\t\t\t\t\t\t\t<\/div>\n\t\t\t\t\t\t\t\t\t\t\t\t\t\t\t\t\t\t\t\t\t<\/div>\n\t\t\t\t<\/div>\n\t\t\t\t\t\t\t\t<\/div>\n\t\t\t\t<\/div>\n\t\t\t\t<\/div>\n\t\t<div class=\"elementor-element elementor-element-742da14 e-con-full e-flex e-con e-child\" data-id=\"742da14\" data-element_type=\"container\" data-e-type=\"container\">\n\t\t\t\t<\/div>\n\t\t<div class=\"elementor-element elementor-element-0a892b0 e-con-full e-flex e-con e-child\" data-id=\"0a892b0\" data-element_type=\"container\" data-e-type=\"container\">\n\t\t\t\t<\/div>\n\t\t<div class=\"elementor-element elementor-element-d2e8495 e-con-full e-flex e-con e-child\" data-id=\"d2e8495\" data-element_type=\"container\" data-e-type=\"container\">\n\t\t\t\t<div class=\"elementor-element elementor-element-4153af3 elementor-widget__width-initial elementor-invisible elementor-widget elementor-widget-heading\" data-id=\"4153af3\" data-element_type=\"widget\" data-e-type=\"widget\" data-settings=\"{&quot;_animation&quot;:&quot;fadeInUp&quot;}\" data-widget_type=\"heading.default\">\n\t\t\t\t<div class=\"elementor-widget-container\">\n\t\t\t\t\t<p class=\"elementor-heading-title elementor-size-default\">Project detail<\/p>\t\t\t\t<\/div>\n\t\t\t\t<\/div>\n\t\t\t\t<div class=\"elementor-element elementor-element-c8e46eb animated-slow elementor-invisible elementor-widget elementor-widget-text-editor\" data-id=\"c8e46eb\" data-element_type=\"widget\" data-e-type=\"widget\" data-settings=\"{&quot;_animation&quot;:&quot;fadeInUp&quot;,&quot;_animation_delay&quot;:400}\" data-widget_type=\"text-editor.default\">\n\t\t\t\t<div class=\"elementor-widget-container\">\n\t\t\t\t\t\t\t\t\t<p>Something to highlight within this project was the creation of different environments to adapt to the different needs of diners depending on the time of day and the number of members of the groups that visit the establishment.<\/p>\t\t\t\t\t\t\t\t<\/div>\n\t\t\t\t<\/div>\n\t\t\t\t<\/div>\n\t\t\t\t<\/div>\n\t\t<div class=\"elementor-element elementor-element-4c1c079 e-con-full e-flex e-con e-parent\" data-id=\"4c1c079\" data-element_type=\"container\" data-e-type=\"container\">\n\t\t\t\t<div class=\"elementor-element elementor-element-9b042d3 elementor-widget elementor-widget-google_maps\" data-id=\"9b042d3\" data-element_type=\"widget\" data-e-type=\"widget\" data-widget_type=\"google_maps.default\">\n\t\t\t\t<div class=\"elementor-widget-container\">\n\t\t\t\t\t\t\t<div class=\"elementor-custom-embed\">\n\t\t\t<iframe loading=\"lazy\"\n\t\t\t\t\tsrc=\"https:\/\/maps.google.com\/maps?q=restaurant%20amigos%20food%20factory%20calle%20Ponce%20Mini%20Plaza%20Ponce.%20Modulo%205B%2C%20Calle%20Ponce%2C%20Santiago%20De%20Los%20Caballeros%2051000&#038;t=m&#038;z=16&#038;output=embed&#038;iwloc=near\"\n\t\t\t\t\ttitle=\"restaurant friends food factory Ponce street Mini Plaza Ponce. Module 5B, Ponce Street, Santiago De Los Caballeros 51000\"\n\t\t\t\t\taria-label=\"restaurant friends food factory Ponce street Mini Plaza Ponce. Module 5B, Ponce Street, Santiago De Los Caballeros 51000\"\n\t\t\t><\/iframe>\n\t\t<\/div>\n\t\t\t\t\t\t<\/div>\n\t\t\t\t<\/div>\n\t\t\t\t<\/div>\n\t\t\t\t<\/div>","protected":false},"excerpt":{"rendered":"<p>RESTAURANTE AMIGOS FOOD FACTORY Sobre este proyecto: Este proyecto fue la adecuaci\u00f3n del primer nivel de un edificio de locales comerciales para albergar una franquicia gastron\u00f3mica. . En la parte interior se realiz\u00f3 un dise\u00f1o de techos e iluminaci\u00f3n as\u00ed como una selecci\u00f3n de acabados y mobiliarios combinando los estilos Boho chic e industrial. En [&hellip;]<\/p>\n","protected":false},"author":4,"featured_media":0,"parent":0,"menu_order":0,"comment_status":"closed","ping_status":"closed","template":"","meta":{"footnotes":""},"class_list":["post-214","page","type-page","status-publish","hentry"],"_links":{"self":[{"href":"https:\/\/www.santosdominguez.net\/en\/wp-json\/wp\/v2\/pages\/214","targetHints":{"allow":["GET"]}}],"collection":[{"href":"https:\/\/www.santosdominguez.net\/en\/wp-json\/wp\/v2\/pages"}],"about":[{"href":"https:\/\/www.santosdominguez.net\/en\/wp-json\/wp\/v2\/types\/page"}],"author":[{"embeddable":true,"href":"https:\/\/www.santosdominguez.net\/en\/wp-json\/wp\/v2\/users\/4"}],"replies":[{"embeddable":true,"href":"https:\/\/www.santosdominguez.net\/en\/wp-json\/wp\/v2\/comments?post=214"}],"version-history":[{"count":0,"href":"https:\/\/www.santosdominguez.net\/en\/wp-json\/wp\/v2\/pages\/214\/revisions"}],"wp:attachment":[{"href":"https:\/\/www.santosdominguez.net\/en\/wp-json\/wp\/v2\/media?parent=214"}],"curies":[{"name":"wp","href":"https:\/\/api.w.org\/{rel}","templated":true}]}}