{"id":228,"date":"2023-07-13T01:38:34","date_gmt":"2023-07-13T05:38:34","guid":{"rendered":"https:\/\/www.santosdominguez.net\/?page_id=228"},"modified":"2024-07-17T11:13:16","modified_gmt":"2024-07-17T15:13:16","slug":"proyectos-en-construccion","status":"publish","type":"page","link":"https:\/\/www.santosdominguez.net\/en\/proyectos-en-construccion\/","title":{"rendered":"Projects WIP"},"content":{"rendered":"<div data-elementor-type=\"wp-page\" data-elementor-id=\"228\" class=\"elementor elementor-228\" data-elementor-post-type=\"page\">\n\t\t\t\t<div class=\"elementor-element elementor-element-dc08464 e-con-full e-flex e-con e-parent\" data-id=\"dc08464\" data-element_type=\"container\" data-e-type=\"container\" data-settings=\"{&quot;background_background&quot;:&quot;classic&quot;}\">\n\t\t<div class=\"elementor-element elementor-element-acaf8d6 e-con-full e-flex e-con e-child\" data-id=\"acaf8d6\" data-element_type=\"container\" data-e-type=\"container\">\n\t\t\t\t<div class=\"elementor-element elementor-element-5e05685 elementor-widget__width-initial animated-slow elementor-invisible elementor-widget elementor-widget-heading\" data-id=\"5e05685\" data-element_type=\"widget\" data-e-type=\"widget\" data-settings=\"{&quot;_animation&quot;:&quot;fadeInUp&quot;}\" data-widget_type=\"heading.default\">\n\t\t\t\t<div class=\"elementor-widget-container\">\n\t\t\t\t\t<h1 class=\"elementor-heading-title elementor-size-default\">PROJECTS IN THE CONSTRUCTION PHASE<\/h1>\t\t\t\t<\/div>\n\t\t\t\t<\/div>\n\t\t\t\t<\/div>\n\t\t<div class=\"elementor-element elementor-element-f13d3e0 e-con-full e-flex e-con e-child\" data-id=\"f13d3e0\" data-element_type=\"container\" data-e-type=\"container\">\n\t\t\t\t<div class=\"elementor-element elementor-element-4bfee1c animated-slow elementor-invisible elementor-widget elementor-widget-text-editor\" data-id=\"4bfee1c\" data-element_type=\"widget\" data-e-type=\"widget\" data-settings=\"{&quot;_animation&quot;:&quot;fadeInUp&quot;,&quot;_animation_delay&quot;:200}\" data-widget_type=\"text-editor.default\">\n\t\t\t\t<div class=\"elementor-widget-container\">\n\t\t\t\t\t\t\t\t\t<p>Cuando la construcci\u00f3n llega a la etapa de la obra gris, todav\u00eda no est\u00e1 terminada, pero estamos en condiciones de vislumbrar c\u00f3mo quedar\u00e1. Es el proceso en el cual se levantan todos los muros de cerramiento y de la vivienda.<\/p>\t\t\t\t\t\t\t\t<\/div>\n\t\t\t\t<\/div>\n\t\t\t\t<\/div>\n\t\t<div class=\"elementor-element elementor-element-685d73a e-con-full e-flex e-con e-child\" data-id=\"685d73a\" data-element_type=\"container\" data-e-type=\"container\">\n\t\t\t\t<div class=\"elementor-element elementor-element-b312552 animated-slow elementor-invisible elementor-widget elementor-widget-text-editor\" data-id=\"b312552\" data-element_type=\"widget\" data-e-type=\"widget\" data-settings=\"{&quot;_animation&quot;:&quot;fadeInUp&quot;,&quot;_animation_delay&quot;:200}\" data-widget_type=\"text-editor.default\">\n\t\t\t\t<div class=\"elementor-widget-container\">\n\t\t\t\t\t\t\t\t\t<p>Si deseas invertir en bienes ra\u00edces y separar alguno de estos proyectos, este es el momento de hacerlo.<\/p>\t\t\t\t\t\t\t\t<\/div>\n\t\t\t\t<\/div>\n\t\t\t\t<\/div>\n\t\t<div class=\"elementor-element elementor-element-267f25f e-con-full e-flex e-con e-child\" data-id=\"267f25f\" data-element_type=\"container\" data-e-type=\"container\">\n\t\t\t\t<div class=\"elementor-element elementor-element-4157ffa elementor-align-center sdc-btn-wip animated-slow elementor-invisible elementor-widget elementor-widget-button\" data-id=\"4157ffa\" data-element_type=\"widget\" data-e-type=\"widget\" data-settings=\"{&quot;_animation&quot;:&quot;fadeInUp&quot;,&quot;_animation_delay&quot;:800}\" data-widget_type=\"button.default\">\n\t\t\t\t<div class=\"elementor-widget-container\">\n\t\t\t\t\t\t\t\t\t<div class=\"elementor-button-wrapper\">\n\t\t\t\t\t<a class=\"elementor-button elementor-button-link elementor-size-sm\" href=\"#proyecto\">\n\t\t\t\t\t\t<span class=\"elementor-button-content-wrapper\">\n\t\t\t\t\t\t\t\t\t<span class=\"elementor-button-text\">SEE PROJECTS<\/span>\n\t\t\t\t\t<\/span>\n\t\t\t\t\t<\/a>\n\t\t\t\t<\/div>\n\t\t\t\t\t\t\t\t<\/div>\n\t\t\t\t<\/div>\n\t\t\t\t<\/div>\n\t\t\t\t<\/div>\n\t\t<div class=\"elementor-element elementor-element-302596b e-con-full e-flex e-con e-parent\" data-id=\"302596b\" data-element_type=\"container\" data-e-type=\"container\" id=\"proyecto\" data-settings=\"{&quot;background_background&quot;:&quot;classic&quot;}\">\n\t\t<div class=\"elementor-element elementor-element-92144d1 e-con-full e-flex e-con e-child\" data-id=\"92144d1\" data-element_type=\"container\" data-e-type=\"container\">\n\t\t\t\t<div class=\"elementor-element elementor-element-63ceaf8 elementor-widget__width-initial elementor-invisible elementor-widget elementor-widget-heading\" data-id=\"63ceaf8\" data-element_type=\"widget\" data-e-type=\"widget\" data-settings=\"{&quot;_animation&quot;:&quot;fadeInUp&quot;}\" data-widget_type=\"heading.default\">\n\t\t\t\t<div class=\"elementor-widget-container\">\n\t\t\t\t\t<h2 class=\"elementor-heading-title elementor-size-default\">Project 1<\/h2>\t\t\t\t<\/div>\n\t\t\t\t<\/div>\n\t\t\t\t<div class=\"elementor-element elementor-element-630e6d2 animated-slow elementor-invisible elementor-widget elementor-widget-text-editor\" data-id=\"630e6d2\" data-element_type=\"widget\" data-e-type=\"widget\" data-settings=\"{&quot;_animation&quot;:&quot;fadeInUp&quot;,&quot;_animation_delay&quot;:400}\" data-widget_type=\"text-editor.default\">\n\t\t\t\t<div class=\"elementor-widget-container\">\n\t\t\t\t\t\t\t\t\t<p>Vivienda Unifamiliar de dos niveles ubicada en la Urbanizaci\u00f3n Carolina, carretera Duarte, Licey, Santiago. Cuenta con m\u00e1s de 320 m\u00b2<\/p><p><strong>INVERSI\u00d3N: USD 370,000<\/strong><\/p>\t\t\t\t\t\t\t\t<\/div>\n\t\t\t\t<\/div>\n\t\t\t\t<\/div>\n\t\t<div class=\"elementor-element elementor-element-48bb2a9 e-con-full e-flex e-con e-child\" data-id=\"48bb2a9\" data-element_type=\"container\" data-e-type=\"container\">\n\t\t\t\t<div class=\"elementor-element elementor-element-8703b75 elementor-align-justify elementor-widget__width-auto sdc-btn-slider elementor-widget elementor-widget-button\" data-id=\"8703b75\" data-element_type=\"widget\" data-e-type=\"widget\" data-widget_type=\"button.default\">\n\t\t\t\t<div class=\"elementor-widget-container\">\n\t\t\t\t\t\t\t\t\t<div class=\"elementor-button-wrapper\">\n\t\t\t\t\t<a class=\"elementor-button elementor-button-link elementor-size-lg\" href=\"https:\/\/www.santosdominguez.net\/en\/proyecto-en-construccion-1-wip\/\" target=\"_blank\">\n\t\t\t\t\t\t<span class=\"elementor-button-content-wrapper\">\n\t\t\t\t\t\t\t\t\t<span class=\"elementor-button-text\">RECORRIDO VIRTUAL<\/span>\n\t\t\t\t\t<\/span>\n\t\t\t\t\t<\/a>\n\t\t\t\t<\/div>\n\t\t\t\t\t\t\t\t<\/div>\n\t\t\t\t<\/div>\n\t\t\t\t<\/div>\n\t\t<div class=\"elementor-element elementor-element-919b0cb e-con-full e-flex e-con e-child\" data-id=\"919b0cb\" data-element_type=\"container\" data-e-type=\"container\">\n\t\t\t\t<div class=\"elementor-element elementor-element-ef28e1f elementor-widget elementor-widget-image\" data-id=\"ef28e1f\" data-element_type=\"widget\" data-e-type=\"widget\" data-widget_type=\"image.default\">\n\t\t\t\t<div class=\"elementor-widget-container\">\n\t\t\t\t\t\t\t\t\t\t\t\t\t\t\t\t<a href=\"https:\/\/www.santosdominguez.net\/en\/proyecto-en-construccion-1-wip\/\">\n\t\t\t\t\t\t\t<img fetchpriority=\"high\" decoding=\"async\" width=\"800\" height=\"450\" src=\"https:\/\/www.santosdominguez.net\/wp-content\/uploads\/2024\/06\/Proyecto-en-Construccion-FVP02-Constructora-Santos-Dominguez-SRL-1024x576.webp\" class=\"attachment-large size-large wp-image-850\" alt=\"Proyecto en Construcci\u00f3n - FVP02 - Constructora Santos Dominguez SRL\" srcset=\"https:\/\/www.santosdominguez.net\/wp-content\/uploads\/2024\/06\/Proyecto-en-Construccion-FVP02-Constructora-Santos-Dominguez-SRL-1024x576.webp 1024w, https:\/\/www.santosdominguez.net\/wp-content\/uploads\/2024\/06\/Proyecto-en-Construccion-FVP02-Constructora-Santos-Dominguez-SRL-300x169.webp 300w, https:\/\/www.santosdominguez.net\/wp-content\/uploads\/2024\/06\/Proyecto-en-Construccion-FVP02-Constructora-Santos-Dominguez-SRL-768x432.webp 768w, https:\/\/www.santosdominguez.net\/wp-content\/uploads\/2024\/06\/Proyecto-en-Construccion-FVP02-Constructora-Santos-Dominguez-SRL-18x10.webp 18w, https:\/\/www.santosdominguez.net\/wp-content\/uploads\/2024\/06\/Proyecto-en-Construccion-FVP02-Constructora-Santos-Dominguez-SRL.webp 1440w\" sizes=\"(max-width: 800px) 100vw, 800px\" \/>\t\t\t\t\t\t\t\t<\/a>\n\t\t\t\t\t\t\t\t\t\t\t\t\t\t\t<\/div>\n\t\t\t\t<\/div>\n\t\t\t\t<\/div>\n\t\t<div class=\"elementor-element elementor-element-2c81e2a e-con-full e-flex e-con e-child\" data-id=\"2c81e2a\" data-element_type=\"container\" data-e-type=\"container\">\n\t\t\t\t<\/div>\n\t\t\t\t<\/div>\n\t\t<div class=\"elementor-element elementor-element-9c36ebe e-con-full e-flex e-con e-parent\" data-id=\"9c36ebe\" data-element_type=\"container\" data-e-type=\"container\" data-settings=\"{&quot;background_background&quot;:&quot;classic&quot;}\">\n\t\t<div class=\"elementor-element elementor-element-8e2afca e-con-full e-flex e-con e-child\" data-id=\"8e2afca\" data-element_type=\"container\" data-e-type=\"container\">\n\t\t\t\t<div class=\"elementor-element elementor-element-c4ba1da elementor-widget__width-initial animated-slow elementor-invisible elementor-widget elementor-widget-heading\" data-id=\"c4ba1da\" data-element_type=\"widget\" data-e-type=\"widget\" data-settings=\"{&quot;_animation&quot;:&quot;fadeInUp&quot;}\" data-widget_type=\"heading.default\">\n\t\t\t\t<div class=\"elementor-widget-container\">\n\t\t\t\t\t<p class=\"elementor-heading-title elementor-size-default\">Informaci\u00f3n adicional<\/p>\t\t\t\t<\/div>\n\t\t\t\t<\/div>\n\t\t\t\t<\/div>\n\t\t<div class=\"elementor-element elementor-element-72bbfc7 e-con-full e-flex e-con e-child\" data-id=\"72bbfc7\" data-element_type=\"container\" data-e-type=\"container\">\n\t\t\t\t<div class=\"elementor-element elementor-element-dae58ed animated-slow elementor-invisible elementor-widget elementor-widget-text-editor\" data-id=\"dae58ed\" data-element_type=\"widget\" data-e-type=\"widget\" data-settings=\"{&quot;_animation&quot;:&quot;fadeInUp&quot;,&quot;_animation_delay&quot;:200}\" data-widget_type=\"text-editor.default\">\n\t\t\t\t<div class=\"elementor-widget-container\">\n\t\t\t\t\t\t\t\t\t<p>Fecha de entrega a convenir.<\/p>\t\t\t\t\t\t\t\t<\/div>\n\t\t\t\t<\/div>\n\t\t\t\t<\/div>\n\t\t<div class=\"elementor-element elementor-element-13ab377 e-con-full e-flex e-con e-child\" data-id=\"13ab377\" data-element_type=\"container\" data-e-type=\"container\">\n\t\t\t\t<div class=\"elementor-element elementor-element-639c9d5 animated-slow elementor-invisible elementor-widget elementor-widget-text-editor\" data-id=\"639c9d5\" data-element_type=\"widget\" data-e-type=\"widget\" data-settings=\"{&quot;_animation&quot;:&quot;fadeInUp&quot;,&quot;_animation_delay&quot;:400}\" data-widget_type=\"text-editor.default\">\n\t\t\t\t<div class=\"elementor-widget-container\">\n\t\t\t\t\t\t\t\t\t<p>Proyecto 80% completado.<\/p>\t\t\t\t\t\t\t\t<\/div>\n\t\t\t\t<\/div>\n\t\t\t\t<\/div>\n\t\t<div class=\"elementor-element elementor-element-5621584 e-con-full e-flex e-con e-child\" data-id=\"5621584\" data-element_type=\"container\" data-e-type=\"container\">\n\t\t\t\t<div class=\"elementor-element elementor-element-1f7aca5 elementor-align-center sdc-btn5-wip animated-slow elementor-invisible elementor-widget elementor-widget-button\" data-id=\"1f7aca5\" data-element_type=\"widget\" data-e-type=\"widget\" data-settings=\"{&quot;_animation&quot;:&quot;fadeInUp&quot;,&quot;_animation_delay&quot;:800}\" data-widget_type=\"button.default\">\n\t\t\t\t<div class=\"elementor-widget-container\">\n\t\t\t\t\t\t\t\t\t<div class=\"elementor-button-wrapper\">\n\t\t\t\t\t<a class=\"elementor-button elementor-button-link elementor-size-sm\" href=\"https:\/\/www.santosdominguez.net\/en\/proyecto-en-construccion-1-wip\/#form-wip\">\n\t\t\t\t\t\t<span class=\"elementor-button-content-wrapper\">\n\t\t\t\t\t\t\t\t\t<span class=\"elementor-button-text\">SAVE WITH US $5,000<\/span>\n\t\t\t\t\t<\/span>\n\t\t\t\t\t<\/a>\n\t\t\t\t<\/div>\n\t\t\t\t\t\t\t\t<\/div>\n\t\t\t\t<\/div>\n\t\t\t\t<\/div>\n\t\t\t\t<\/div>\n\t\t<div class=\"elementor-element elementor-element-a737b91 e-con-full e-flex e-con e-parent\" data-id=\"a737b91\" data-element_type=\"container\" data-e-type=\"container\" data-settings=\"{&quot;background_background&quot;:&quot;classic&quot;}\">\n\t\t<div class=\"elementor-element elementor-element-cf105eb e-con-full e-flex e-con e-child\" data-id=\"cf105eb\" data-element_type=\"container\" data-e-type=\"container\">\n\t\t\t\t<div class=\"elementor-element elementor-element-2b16708 elementor-widget__width-initial elementor-invisible elementor-widget elementor-widget-heading\" data-id=\"2b16708\" data-element_type=\"widget\" data-e-type=\"widget\" data-settings=\"{&quot;_animation&quot;:&quot;fadeInUp&quot;}\" data-widget_type=\"heading.default\">\n\t\t\t\t<div class=\"elementor-widget-container\">\n\t\t\t\t\t<h2 class=\"elementor-heading-title elementor-size-default\">Project 2<\/h2>\t\t\t\t<\/div>\n\t\t\t\t<\/div>\n\t\t\t\t<div class=\"elementor-element elementor-element-f8160e3 animated-slow elementor-invisible elementor-widget elementor-widget-text-editor\" data-id=\"f8160e3\" data-element_type=\"widget\" data-e-type=\"widget\" data-settings=\"{&quot;_animation&quot;:&quot;fadeInUp&quot;,&quot;_animation_delay&quot;:400}\" data-widget_type=\"text-editor.default\">\n\t\t\t\t<div class=\"elementor-widget-container\">\n\t\t\t\t\t\t\t\t\t<p>Two-level single-family home located in the Carolina Urbanization, Duarte Highway, Licey, Santiago. It has more than 320 m2<\/p><p>Over 332 m\u00b2.<\/p>\t\t\t\t\t\t\t\t<\/div>\n\t\t\t\t<\/div>\n\t\t\t\t<\/div>\n\t\t<div class=\"elementor-element elementor-element-3daae7d e-con-full e-flex e-con e-child\" data-id=\"3daae7d\" data-element_type=\"container\" data-e-type=\"container\">\n\t\t\t\t<div class=\"elementor-element elementor-element-57a79cc elementor-align-justify elementor-widget__width-auto sdc-btn-slider elementor-widget elementor-widget-button\" data-id=\"57a79cc\" data-element_type=\"widget\" data-e-type=\"widget\" data-widget_type=\"button.default\">\n\t\t\t\t<div class=\"elementor-widget-container\">\n\t\t\t\t\t\t\t\t\t<div class=\"elementor-button-wrapper\">\n\t\t\t\t\t<a class=\"elementor-button elementor-button-link elementor-size-lg\" href=\"https:\/\/www.santosdominguez.net\/en\/proyecto-en-construccion-2-wip\/\">\n\t\t\t\t\t\t<span class=\"elementor-button-content-wrapper\">\n\t\t\t\t\t\t\t\t\t<span class=\"elementor-button-text\">RECORRIDO VIRTUAL<\/span>\n\t\t\t\t\t<\/span>\n\t\t\t\t\t<\/a>\n\t\t\t\t<\/div>\n\t\t\t\t\t\t\t\t<\/div>\n\t\t\t\t<\/div>\n\t\t\t\t<\/div>\n\t\t<div class=\"elementor-element elementor-element-52dcb05 e-con-full e-flex e-con e-child\" data-id=\"52dcb05\" data-element_type=\"container\" data-e-type=\"container\">\n\t\t\t\t<div class=\"elementor-element elementor-element-df2863b elementor-widget elementor-widget-image\" data-id=\"df2863b\" data-element_type=\"widget\" data-e-type=\"widget\" data-widget_type=\"image.default\">\n\t\t\t\t<div class=\"elementor-widget-container\">\n\t\t\t\t\t\t\t\t\t\t\t\t\t\t\t\t<a href=\"https:\/\/www.onviral-test.website\/sdc-renders\/\" target=\"_blank\" rel=\"noopener\">\n\t\t\t\t\t\t\t<img decoding=\"async\" width=\"707\" height=\"451\" src=\"https:\/\/www.santosdominguez.net\/wp-content\/uploads\/2024\/07\/Proyecto-FVP-03-CARRUSEL-2.webp\" class=\"attachment-large size-large wp-image-1070\" alt=\"Proyecto FVP-03 - CARRUSEL 2\" srcset=\"https:\/\/www.santosdominguez.net\/wp-content\/uploads\/2024\/07\/Proyecto-FVP-03-CARRUSEL-2.webp 707w, https:\/\/www.santosdominguez.net\/wp-content\/uploads\/2024\/07\/Proyecto-FVP-03-CARRUSEL-2-300x191.webp 300w, https:\/\/www.santosdominguez.net\/wp-content\/uploads\/2024\/07\/Proyecto-FVP-03-CARRUSEL-2-18x12.webp 18w\" sizes=\"(max-width: 707px) 100vw, 707px\" \/>\t\t\t\t\t\t\t\t<\/a>\n\t\t\t\t\t\t\t\t\t\t\t\t\t\t\t<\/div>\n\t\t\t\t<\/div>\n\t\t\t\t<\/div>\n\t\t<div class=\"elementor-element elementor-element-32b65f7 e-con-full e-flex e-con e-child\" data-id=\"32b65f7\" data-element_type=\"container\" data-e-type=\"container\">\n\t\t\t\t<\/div>\n\t\t\t\t<\/div>\n\t\t<div class=\"elementor-element elementor-element-139c45c e-con-full e-flex e-con e-parent\" data-id=\"139c45c\" data-element_type=\"container\" data-e-type=\"container\" data-settings=\"{&quot;background_background&quot;:&quot;classic&quot;}\">\n\t\t<div class=\"elementor-element elementor-element-7636354 e-con-full e-flex e-con e-child\" data-id=\"7636354\" data-element_type=\"container\" data-e-type=\"container\">\n\t\t\t\t<div class=\"elementor-element elementor-element-6d1f2e1 elementor-widget__width-initial animated-slow elementor-invisible elementor-widget elementor-widget-heading\" data-id=\"6d1f2e1\" data-element_type=\"widget\" data-e-type=\"widget\" data-settings=\"{&quot;_animation&quot;:&quot;fadeInUp&quot;}\" data-widget_type=\"heading.default\">\n\t\t\t\t<div class=\"elementor-widget-container\">\n\t\t\t\t\t<p class=\"elementor-heading-title elementor-size-default\">Informaci\u00f3n adicional<\/p>\t\t\t\t<\/div>\n\t\t\t\t<\/div>\n\t\t\t\t<\/div>\n\t\t<div class=\"elementor-element elementor-element-8a8a772 e-con-full e-flex e-con e-child\" data-id=\"8a8a772\" data-element_type=\"container\" data-e-type=\"container\">\n\t\t\t\t<div class=\"elementor-element elementor-element-6bac1f1 animated-slow elementor-invisible elementor-widget elementor-widget-text-editor\" data-id=\"6bac1f1\" data-element_type=\"widget\" data-e-type=\"widget\" data-settings=\"{&quot;_animation&quot;:&quot;fadeInUp&quot;,&quot;_animation_delay&quot;:200}\" data-widget_type=\"text-editor.default\">\n\t\t\t\t<div class=\"elementor-widget-container\">\n\t\t\t\t\t\t\t\t\t<p>Fecha de entrega tentativa<\/p>\t\t\t\t\t\t\t\t<\/div>\n\t\t\t\t<\/div>\n\t\t\t\t<\/div>\n\t\t<div class=\"elementor-element elementor-element-0a9c63d e-con-full e-flex e-con e-child\" data-id=\"0a9c63d\" data-element_type=\"container\" data-e-type=\"container\">\n\t\t\t\t<div class=\"elementor-element elementor-element-95965be animated-slow elementor-invisible elementor-widget elementor-widget-text-editor\" data-id=\"95965be\" data-element_type=\"widget\" data-e-type=\"widget\" data-settings=\"{&quot;_animation&quot;:&quot;fadeInUp&quot;,&quot;_animation_delay&quot;:400}\" data-widget_type=\"text-editor.default\">\n\t\t\t\t<div class=\"elementor-widget-container\">\n\t\t\t\t\t\t\t\t\t<p>Proyecto 60% completado.<\/p>\t\t\t\t\t\t\t\t<\/div>\n\t\t\t\t<\/div>\n\t\t\t\t<\/div>\n\t\t<div class=\"elementor-element elementor-element-4ecbb7a e-con-full e-flex e-con e-child\" data-id=\"4ecbb7a\" data-element_type=\"container\" data-e-type=\"container\">\n\t\t\t\t<div class=\"elementor-element elementor-element-6d9b1d6 elementor-align-center sdc-btn5-wip animated-slow elementor-invisible elementor-widget elementor-widget-button\" data-id=\"6d9b1d6\" data-element_type=\"widget\" data-e-type=\"widget\" data-settings=\"{&quot;_animation&quot;:&quot;fadeInUp&quot;,&quot;_animation_delay&quot;:800}\" data-widget_type=\"button.default\">\n\t\t\t\t<div class=\"elementor-widget-container\">\n\t\t\t\t\t\t\t\t\t<div class=\"elementor-button-wrapper\">\n\t\t\t\t\t<a class=\"elementor-button elementor-button-link elementor-size-sm\" href=\"https:\/\/www.santosdominguez.net\/en\/proyecto-en-construccion-2-wip\/\">\n\t\t\t\t\t\t<span class=\"elementor-button-content-wrapper\">\n\t\t\t\t\t\t\t\t\t<span class=\"elementor-button-text\">MORE INFORMATION<\/span>\n\t\t\t\t\t<\/span>\n\t\t\t\t\t<\/a>\n\t\t\t\t<\/div>\n\t\t\t\t\t\t\t\t<\/div>\n\t\t\t\t<\/div>\n\t\t\t\t<\/div>\n\t\t\t\t<\/div>\n\t\t\t\t<\/div>","protected":false},"excerpt":{"rendered":"<p>PROYECTOS EN FASE DE CONSTRUCCI\u00d3N Cuando la construcci\u00f3n llega a la etapa de la obra gris, todav\u00eda no est\u00e1 terminada, pero estamos en condiciones de vislumbrar c\u00f3mo quedar\u00e1. Es el proceso en el cual se levantan todos los muros de cerramiento y de la vivienda. Si deseas invertir en bienes ra\u00edces y separar alguno de [&hellip;]<\/p>\n","protected":false},"author":4,"featured_media":0,"parent":0,"menu_order":0,"comment_status":"closed","ping_status":"closed","template":"","meta":{"footnotes":""},"class_list":["post-228","page","type-page","status-publish","hentry"],"_links":{"self":[{"href":"https:\/\/www.santosdominguez.net\/en\/wp-json\/wp\/v2\/pages\/228","targetHints":{"allow":["GET"]}}],"collection":[{"href":"https:\/\/www.santosdominguez.net\/en\/wp-json\/wp\/v2\/pages"}],"about":[{"href":"https:\/\/www.santosdominguez.net\/en\/wp-json\/wp\/v2\/types\/page"}],"author":[{"embeddable":true,"href":"https:\/\/www.santosdominguez.net\/en\/wp-json\/wp\/v2\/users\/4"}],"replies":[{"embeddable":true,"href":"https:\/\/www.santosdominguez.net\/en\/wp-json\/wp\/v2\/comments?post=228"}],"version-history":[{"count":0,"href":"https:\/\/www.santosdominguez.net\/en\/wp-json\/wp\/v2\/pages\/228\/revisions"}],"wp:attachment":[{"href":"https:\/\/www.santosdominguez.net\/en\/wp-json\/wp\/v2\/media?parent=228"}],"curies":[{"name":"wp","href":"https:\/\/api.w.org\/{rel}","templated":true}]}}