{"id":827,"date":"2024-05-18T01:05:42","date_gmt":"2024-05-18T05:05:42","guid":{"rendered":"https:\/\/www.santosdominguez.net\/?page_id=827"},"modified":"2024-07-17T10:37:32","modified_gmt":"2024-07-17T14:37:32","slug":"proyectos-completados","status":"publish","type":"page","link":"https:\/\/www.santosdominguez.net\/en\/proyectos-completados\/","title":{"rendered":"COMPLETED PROJECTS"},"content":{"rendered":"<div data-elementor-type=\"wp-page\" data-elementor-id=\"827\" class=\"elementor elementor-827\" data-elementor-post-type=\"page\">\n\t\t\t\t<div class=\"elementor-element elementor-element-a551932 e-con-full e-flex e-con e-parent\" data-id=\"a551932\" data-element_type=\"container\" data-e-type=\"container\" data-settings=\"{&quot;background_background&quot;:&quot;classic&quot;}\">\n\t\t<div class=\"elementor-element elementor-element-fd2dd46 e-con-full e-flex e-con e-child\" data-id=\"fd2dd46\" data-element_type=\"container\" data-e-type=\"container\">\n\t\t\t\t<div class=\"elementor-element elementor-element-8644edb elementor-widget__width-initial animated-slow elementor-invisible elementor-widget elementor-widget-heading\" data-id=\"8644edb\" data-element_type=\"widget\" data-e-type=\"widget\" data-settings=\"{&quot;_animation&quot;:&quot;fadeInUp&quot;}\" data-widget_type=\"heading.default\">\n\t\t\t\t<div class=\"elementor-widget-container\">\n\t\t\t\t\t<p class=\"elementor-heading-title elementor-size-default\">DESIGN<\/p>\t\t\t\t<\/div>\n\t\t\t\t<\/div>\n\t\t\t\t<\/div>\n\t\t<div class=\"elementor-element elementor-element-3614969 e-con-full e-flex e-con e-child\" data-id=\"3614969\" data-element_type=\"container\" data-e-type=\"container\">\n\t\t\t\t<div class=\"elementor-element elementor-element-a51368c elementor-widget__width-initial animated-slow elementor-invisible elementor-widget elementor-widget-heading\" data-id=\"a51368c\" data-element_type=\"widget\" data-e-type=\"widget\" data-settings=\"{&quot;_animation&quot;:&quot;fadeInUp&quot;}\" data-widget_type=\"heading.default\">\n\t\t\t\t<div class=\"elementor-widget-container\">\n\t\t\t\t\t<p class=\"elementor-heading-title elementor-size-default\">BUILD<\/p>\t\t\t\t<\/div>\n\t\t\t\t<\/div>\n\t\t\t\t<\/div>\n\t\t<div class=\"elementor-element elementor-element-394eae4 e-con-full e-flex e-con e-child\" data-id=\"394eae4\" data-element_type=\"container\" data-e-type=\"container\">\n\t\t\t\t<div class=\"elementor-element elementor-element-d7fed05 elementor-widget__width-initial animated-slow elementor-invisible elementor-widget elementor-widget-heading\" data-id=\"d7fed05\" data-element_type=\"widget\" data-e-type=\"widget\" data-settings=\"{&quot;_animation&quot;:&quot;fadeInUp&quot;}\" data-widget_type=\"heading.default\">\n\t\t\t\t<div class=\"elementor-widget-container\">\n\t\t\t\t\t<p class=\"elementor-heading-title elementor-size-default\">SELL<\/p>\t\t\t\t<\/div>\n\t\t\t\t<\/div>\n\t\t\t\t<\/div>\n\t\t<div class=\"elementor-element elementor-element-3df2654 e-con-full e-flex e-con e-child\" data-id=\"3df2654\" data-element_type=\"container\" data-e-type=\"container\">\n\t\t\t\t<div class=\"elementor-element elementor-element-d20b829 elementor-align-center sdc-btn-vj animated-slow elementor-invisible elementor-widget elementor-widget-button\" data-id=\"d20b829\" data-element_type=\"widget\" data-e-type=\"widget\" data-settings=\"{&quot;_animation&quot;:&quot;fadeInUp&quot;,&quot;_animation_delay&quot;:800}\" data-widget_type=\"button.default\">\n\t\t\t\t<div class=\"elementor-widget-container\">\n\t\t\t\t\t\t\t\t\t<div class=\"elementor-button-wrapper\">\n\t\t\t\t\t<a class=\"elementor-button elementor-button-link elementor-size-sm\" href=\"#completados\">\n\t\t\t\t\t\t<span class=\"elementor-button-content-wrapper\">\n\t\t\t\t\t\t\t\t\t<span class=\"elementor-button-text\">COMPLETED PROJECTS<\/span>\n\t\t\t\t\t<\/span>\n\t\t\t\t\t<\/a>\n\t\t\t\t<\/div>\n\t\t\t\t\t\t\t\t<\/div>\n\t\t\t\t<\/div>\n\t\t\t\t<\/div>\n\t\t\t\t<\/div>\n\t\t<div class=\"elementor-element elementor-element-e378ddf e-con-full e-flex e-con e-parent\" data-id=\"e378ddf\" data-element_type=\"container\" data-e-type=\"container\" id=\"completados\" data-settings=\"{&quot;background_background&quot;:&quot;classic&quot;}\">\n\t\t<div class=\"elementor-element elementor-element-1d884bb e-con-full e-flex e-con e-child\" data-id=\"1d884bb\" data-element_type=\"container\" data-e-type=\"container\">\n\t\t\t\t<div class=\"elementor-element elementor-element-64d2971 elementor-widget__width-initial animated-slow elementor-invisible elementor-widget elementor-widget-heading\" data-id=\"64d2971\" data-element_type=\"widget\" data-e-type=\"widget\" data-settings=\"{&quot;_animation&quot;:&quot;fadeInUp&quot;}\" data-widget_type=\"heading.default\">\n\t\t\t\t<div class=\"elementor-widget-container\">\n\t\t\t\t\t<p class=\"elementor-heading-title elementor-size-default\"><a href=\"https:\/\/www.santosdominguez.net\/en\/villa-jarabacoa\/\">VILLA <br>JARABACOA<\/a><\/p>\t\t\t\t<\/div>\n\t\t\t\t<\/div>\n\t\t\t\t<div class=\"elementor-element elementor-element-b294387 elementor-widget elementor-widget-image\" data-id=\"b294387\" data-element_type=\"widget\" data-e-type=\"widget\" data-widget_type=\"image.default\">\n\t\t\t\t<div class=\"elementor-widget-container\">\n\t\t\t\t\t\t\t\t\t\t\t\t\t\t\t\t<a href=\"https:\/\/www.santosdominguez.net\/en\/villa-jarabacoa\/\">\n\t\t\t\t\t\t\t<img fetchpriority=\"high\" decoding=\"async\" width=\"500\" height=\"755\" src=\"https:\/\/www.santosdominguez.net\/wp-content\/uploads\/2023\/07\/VJ-7.webp\" class=\"attachment-large size-large wp-image-178\" alt=\"\" srcset=\"https:\/\/www.santosdominguez.net\/wp-content\/uploads\/2023\/07\/VJ-7.webp 500w, https:\/\/www.santosdominguez.net\/wp-content\/uploads\/2023\/07\/VJ-7-199x300.webp 199w, https:\/\/www.santosdominguez.net\/wp-content\/uploads\/2023\/07\/VJ-7-8x12.webp 8w\" sizes=\"(max-width: 500px) 100vw, 500px\" \/>\t\t\t\t\t\t\t\t<\/a>\n\t\t\t\t\t\t\t\t\t\t\t\t\t\t\t<\/div>\n\t\t\t\t<\/div>\n\t\t\t\t<div class=\"elementor-element elementor-element-c5f176e elementor-align-center sdc-btn-vj animated-slow elementor-invisible elementor-widget elementor-widget-button\" data-id=\"c5f176e\" data-element_type=\"widget\" data-e-type=\"widget\" data-settings=\"{&quot;_animation&quot;:&quot;fadeInUp&quot;,&quot;_animation_delay&quot;:800}\" data-widget_type=\"button.default\">\n\t\t\t\t<div class=\"elementor-widget-container\">\n\t\t\t\t\t\t\t\t\t<div class=\"elementor-button-wrapper\">\n\t\t\t\t\t<a class=\"elementor-button elementor-button-link elementor-size-sm\" href=\"https:\/\/www.santosdominguez.net\/en\/villa-jarabacoa\/\">\n\t\t\t\t\t\t<span class=\"elementor-button-content-wrapper\">\n\t\t\t\t\t\t\t\t\t<span class=\"elementor-button-text\">SEE PROJECT<\/span>\n\t\t\t\t\t<\/span>\n\t\t\t\t\t<\/a>\n\t\t\t\t<\/div>\n\t\t\t\t\t\t\t\t<\/div>\n\t\t\t\t<\/div>\n\t\t\t\t<\/div>\n\t\t<div class=\"elementor-element elementor-element-577997d e-con-full e-flex e-con e-child\" data-id=\"577997d\" data-element_type=\"container\" data-e-type=\"container\">\n\t\t\t\t<div class=\"elementor-element elementor-element-8c2e27b elementor-widget__width-initial animated-slow elementor-invisible elementor-widget elementor-widget-heading\" data-id=\"8c2e27b\" data-element_type=\"widget\" data-e-type=\"widget\" data-settings=\"{&quot;_animation&quot;:&quot;fadeInUp&quot;}\" data-widget_type=\"heading.default\">\n\t\t\t\t<div class=\"elementor-widget-container\">\n\t\t\t\t\t<p class=\"elementor-heading-title elementor-size-default\"><a href=\"https:\/\/www.santosdominguez.net\/en\/clinica-dental-dra-rhina-rodriguez\/\">CL\u00cdNICA DENTAL DRA. RHINA\n<\/a><\/p>\t\t\t\t<\/div>\n\t\t\t\t<\/div>\n\t\t\t\t<div class=\"elementor-element elementor-element-2ee2053 elementor-widget elementor-widget-image\" data-id=\"2ee2053\" data-element_type=\"widget\" data-e-type=\"widget\" data-widget_type=\"image.default\">\n\t\t\t\t<div class=\"elementor-widget-container\">\n\t\t\t\t\t\t\t\t\t\t\t\t\t\t\t\t<a href=\"https:\/\/www.santosdominguez.net\/en\/clinica-dental-dra-rhina-rodriguez\/\">\n\t\t\t\t\t\t\t<img decoding=\"async\" width=\"500\" height=\"755\" src=\"https:\/\/www.santosdominguez.net\/wp-content\/uploads\/2024\/03\/Clinica-Dental-Dra.-Rhina-Rodrigue-6.webp\" class=\"attachment-large size-large wp-image-655\" alt=\"\" srcset=\"https:\/\/www.santosdominguez.net\/wp-content\/uploads\/2024\/03\/Clinica-Dental-Dra.-Rhina-Rodrigue-6.webp 500w, https:\/\/www.santosdominguez.net\/wp-content\/uploads\/2024\/03\/Clinica-Dental-Dra.-Rhina-Rodrigue-6-199x300.webp 199w, https:\/\/www.santosdominguez.net\/wp-content\/uploads\/2024\/03\/Clinica-Dental-Dra.-Rhina-Rodrigue-6-8x12.webp 8w\" sizes=\"(max-width: 500px) 100vw, 500px\" \/>\t\t\t\t\t\t\t\t<\/a>\n\t\t\t\t\t\t\t\t\t\t\t\t\t\t\t<\/div>\n\t\t\t\t<\/div>\n\t\t\t\t<div class=\"elementor-element elementor-element-111125c elementor-align-center sdc-btn-vj animated-slow elementor-invisible elementor-widget elementor-widget-button\" data-id=\"111125c\" data-element_type=\"widget\" data-e-type=\"widget\" data-settings=\"{&quot;_animation&quot;:&quot;fadeInUp&quot;,&quot;_animation_delay&quot;:800}\" data-widget_type=\"button.default\">\n\t\t\t\t<div class=\"elementor-widget-container\">\n\t\t\t\t\t\t\t\t\t<div class=\"elementor-button-wrapper\">\n\t\t\t\t\t<a class=\"elementor-button elementor-button-link elementor-size-sm\" href=\"https:\/\/www.santosdominguez.net\/en\/clinica-dental-dra-rhina-rodriguez\/\">\n\t\t\t\t\t\t<span class=\"elementor-button-content-wrapper\">\n\t\t\t\t\t\t\t\t\t<span class=\"elementor-button-text\">SEE PROJECT<\/span>\n\t\t\t\t\t<\/span>\n\t\t\t\t\t<\/a>\n\t\t\t\t<\/div>\n\t\t\t\t\t\t\t\t<\/div>\n\t\t\t\t<\/div>\n\t\t\t\t<\/div>\n\t\t<div class=\"elementor-element elementor-element-c13b9e6 e-con-full e-flex e-con e-child\" data-id=\"c13b9e6\" data-element_type=\"container\" data-e-type=\"container\">\n\t\t\t\t<div class=\"elementor-element elementor-element-7515d59 elementor-widget__width-initial animated-slow elementor-invisible elementor-widget elementor-widget-heading\" data-id=\"7515d59\" data-element_type=\"widget\" data-e-type=\"widget\" data-settings=\"{&quot;_animation&quot;:&quot;fadeInUp&quot;}\" data-widget_type=\"heading.default\">\n\t\t\t\t<div class=\"elementor-widget-container\">\n\t\t\t\t\t<p class=\"elementor-heading-title elementor-size-default\"><a href=\"https:\/\/www.santosdominguez.net\/en\/palmas-del-valle\/\">PALMAS <br>DEL VALLE\n<\/a><\/p>\t\t\t\t<\/div>\n\t\t\t\t<\/div>\n\t\t\t\t<div class=\"elementor-element elementor-element-2ef8b64 elementor-widget elementor-widget-image\" data-id=\"2ef8b64\" data-element_type=\"widget\" data-e-type=\"widget\" data-widget_type=\"image.default\">\n\t\t\t\t<div class=\"elementor-widget-container\">\n\t\t\t\t\t\t\t\t\t\t\t\t\t\t\t\t<a href=\"https:\/\/www.santosdominguez.net\/en\/palmas-del-valle\/\">\n\t\t\t\t\t\t\t<img decoding=\"async\" width=\"500\" height=\"755\" src=\"https:\/\/www.santosdominguez.net\/wp-content\/uploads\/2023\/07\/PV-5.webp\" class=\"attachment-large size-large wp-image-197\" alt=\"\" srcset=\"https:\/\/www.santosdominguez.net\/wp-content\/uploads\/2023\/07\/PV-5.webp 500w, https:\/\/www.santosdominguez.net\/wp-content\/uploads\/2023\/07\/PV-5-199x300.webp 199w, https:\/\/www.santosdominguez.net\/wp-content\/uploads\/2023\/07\/PV-5-8x12.webp 8w\" sizes=\"(max-width: 500px) 100vw, 500px\" \/>\t\t\t\t\t\t\t\t<\/a>\n\t\t\t\t\t\t\t\t\t\t\t\t\t\t\t<\/div>\n\t\t\t\t<\/div>\n\t\t\t\t<div class=\"elementor-element elementor-element-c49ae8d elementor-align-center sdc-btn-vj animated-slow elementor-invisible elementor-widget elementor-widget-button\" data-id=\"c49ae8d\" data-element_type=\"widget\" data-e-type=\"widget\" data-settings=\"{&quot;_animation&quot;:&quot;fadeInUp&quot;,&quot;_animation_delay&quot;:800}\" data-widget_type=\"button.default\">\n\t\t\t\t<div class=\"elementor-widget-container\">\n\t\t\t\t\t\t\t\t\t<div class=\"elementor-button-wrapper\">\n\t\t\t\t\t<a class=\"elementor-button elementor-button-link elementor-size-sm\" href=\"https:\/\/www.santosdominguez.net\/en\/palmas-del-valle\/\">\n\t\t\t\t\t\t<span class=\"elementor-button-content-wrapper\">\n\t\t\t\t\t\t\t\t\t<span class=\"elementor-button-text\">SEE PROJECT<\/span>\n\t\t\t\t\t<\/span>\n\t\t\t\t\t<\/a>\n\t\t\t\t<\/div>\n\t\t\t\t\t\t\t\t<\/div>\n\t\t\t\t<\/div>\n\t\t\t\t<\/div>\n\t\t<div class=\"elementor-element elementor-element-1b6e9b4 e-con-full e-flex e-con e-child\" data-id=\"1b6e9b4\" data-element_type=\"container\" data-e-type=\"container\">\n\t\t\t\t<div class=\"elementor-element elementor-element-7d301b7 elementor-widget__width-initial animated-slow elementor-invisible elementor-widget elementor-widget-heading\" data-id=\"7d301b7\" data-element_type=\"widget\" data-e-type=\"widget\" data-settings=\"{&quot;_animation&quot;:&quot;fadeInUp&quot;}\" data-widget_type=\"heading.default\">\n\t\t\t\t<div class=\"elementor-widget-container\">\n\t\t\t\t\t<p class=\"elementor-heading-title elementor-size-default\"><a href=\"https:\/\/www.santosdominguez.net\/en\/shake-wings\/\">SHAKE <br>WINGS<\/a><\/p>\t\t\t\t<\/div>\n\t\t\t\t<\/div>\n\t\t\t\t<div class=\"elementor-element elementor-element-6e4d901 elementor-widget elementor-widget-image\" data-id=\"6e4d901\" data-element_type=\"widget\" data-e-type=\"widget\" data-widget_type=\"image.default\">\n\t\t\t\t<div class=\"elementor-widget-container\">\n\t\t\t\t\t\t\t\t\t\t\t\t\t\t\t\t<a href=\"https:\/\/www.santosdominguez.net\/en\/shake-wings\/\">\n\t\t\t\t\t\t\t<img loading=\"lazy\" decoding=\"async\" width=\"500\" height=\"755\" src=\"https:\/\/www.santosdominguez.net\/wp-content\/uploads\/2023\/07\/Imagen-VERTICAL-sw.webp\" class=\"attachment-large size-large wp-image-207\" alt=\"\" srcset=\"https:\/\/www.santosdominguez.net\/wp-content\/uploads\/2023\/07\/Imagen-VERTICAL-sw.webp 500w, https:\/\/www.santosdominguez.net\/wp-content\/uploads\/2023\/07\/Imagen-VERTICAL-sw-199x300.webp 199w, https:\/\/www.santosdominguez.net\/wp-content\/uploads\/2023\/07\/Imagen-VERTICAL-sw-8x12.webp 8w\" sizes=\"(max-width: 500px) 100vw, 500px\" \/>\t\t\t\t\t\t\t\t<\/a>\n\t\t\t\t\t\t\t\t\t\t\t\t\t\t\t<\/div>\n\t\t\t\t<\/div>\n\t\t\t\t<div class=\"elementor-element elementor-element-5c8f528 elementor-align-center sdc-btn-vj animated-slow elementor-invisible elementor-widget elementor-widget-button\" data-id=\"5c8f528\" data-element_type=\"widget\" data-e-type=\"widget\" data-settings=\"{&quot;_animation&quot;:&quot;fadeInUp&quot;,&quot;_animation_delay&quot;:800}\" data-widget_type=\"button.default\">\n\t\t\t\t<div class=\"elementor-widget-container\">\n\t\t\t\t\t\t\t\t\t<div class=\"elementor-button-wrapper\">\n\t\t\t\t\t<a class=\"elementor-button elementor-button-link elementor-size-sm\" href=\"https:\/\/www.santosdominguez.net\/en\/shake-wings\/\">\n\t\t\t\t\t\t<span class=\"elementor-button-content-wrapper\">\n\t\t\t\t\t\t\t\t\t<span class=\"elementor-button-text\">SEE PROJECT<\/span>\n\t\t\t\t\t<\/span>\n\t\t\t\t\t<\/a>\n\t\t\t\t<\/div>\n\t\t\t\t\t\t\t\t<\/div>\n\t\t\t\t<\/div>\n\t\t\t\t<\/div>\n\t\t\t\t<\/div>\n\t\t<div class=\"elementor-element elementor-element-413808a e-con-full e-flex e-con e-parent\" data-id=\"413808a\" data-element_type=\"container\" data-e-type=\"container\" data-settings=\"{&quot;background_background&quot;:&quot;classic&quot;}\">\n\t\t<div class=\"elementor-element elementor-element-a323f57 e-con-full e-flex e-con e-child\" data-id=\"a323f57\" data-element_type=\"container\" data-e-type=\"container\">\n\t\t\t\t<div class=\"elementor-element elementor-element-2a92df9 elementor-widget__width-initial animated-slow elementor-invisible elementor-widget elementor-widget-heading\" data-id=\"2a92df9\" data-element_type=\"widget\" data-e-type=\"widget\" data-settings=\"{&quot;_animation&quot;:&quot;fadeInUp&quot;}\" data-widget_type=\"heading.default\">\n\t\t\t\t<div class=\"elementor-widget-container\">\n\t\t\t\t\t<p class=\"elementor-heading-title elementor-size-default\">CL\u00cdNICA EST\u00c9TICA DRA. YISBEL<\/p>\t\t\t\t<\/div>\n\t\t\t\t<\/div>\n\t\t\t\t<div class=\"elementor-element elementor-element-9093783 elementor-widget elementor-widget-image\" data-id=\"9093783\" data-element_type=\"widget\" data-e-type=\"widget\" data-widget_type=\"image.default\">\n\t\t\t\t<div class=\"elementor-widget-container\">\n\t\t\t\t\t\t\t\t\t\t\t\t\t\t\t\t<a href=\"https:\/\/www.santosdominguez.net\/en\/clinica-estetica-dra-yisbel-perez\/\">\n\t\t\t\t\t\t\t<img loading=\"lazy\" decoding=\"async\" width=\"500\" height=\"755\" src=\"https:\/\/www.santosdominguez.net\/wp-content\/uploads\/2024\/03\/Clinica-Estetica-Dra.-Yisbel-Perez-5.webp\" class=\"attachment-large size-large wp-image-700\" alt=\"\" srcset=\"https:\/\/www.santosdominguez.net\/wp-content\/uploads\/2024\/03\/Clinica-Estetica-Dra.-Yisbel-Perez-5.webp 500w, https:\/\/www.santosdominguez.net\/wp-content\/uploads\/2024\/03\/Clinica-Estetica-Dra.-Yisbel-Perez-5-199x300.webp 199w, https:\/\/www.santosdominguez.net\/wp-content\/uploads\/2024\/03\/Clinica-Estetica-Dra.-Yisbel-Perez-5-8x12.webp 8w\" sizes=\"(max-width: 500px) 100vw, 500px\" \/>\t\t\t\t\t\t\t\t<\/a>\n\t\t\t\t\t\t\t\t\t\t\t\t\t\t\t<\/div>\n\t\t\t\t<\/div>\n\t\t\t\t<div class=\"elementor-element elementor-element-3cf0310 elementor-align-center sdc-btn-vj animated-slow elementor-invisible elementor-widget elementor-widget-button\" data-id=\"3cf0310\" data-element_type=\"widget\" data-e-type=\"widget\" data-settings=\"{&quot;_animation&quot;:&quot;fadeInUp&quot;,&quot;_animation_delay&quot;:800}\" data-widget_type=\"button.default\">\n\t\t\t\t<div class=\"elementor-widget-container\">\n\t\t\t\t\t\t\t\t\t<div class=\"elementor-button-wrapper\">\n\t\t\t\t\t<a class=\"elementor-button elementor-button-link elementor-size-sm\" href=\"https:\/\/www.santosdominguez.net\/en\/clinica-estetica-dra-yisbel-perez\/\">\n\t\t\t\t\t\t<span class=\"elementor-button-content-wrapper\">\n\t\t\t\t\t\t\t\t\t<span class=\"elementor-button-text\">SEE PROJECT<\/span>\n\t\t\t\t\t<\/span>\n\t\t\t\t\t<\/a>\n\t\t\t\t<\/div>\n\t\t\t\t\t\t\t\t<\/div>\n\t\t\t\t<\/div>\n\t\t\t\t<\/div>\n\t\t<div class=\"elementor-element elementor-element-dd2d84e e-con-full e-flex e-con e-child\" data-id=\"dd2d84e\" data-element_type=\"container\" data-e-type=\"container\">\n\t\t\t\t<div class=\"elementor-element elementor-element-da86287 elementor-widget__width-initial animated-slow elementor-invisible elementor-widget elementor-widget-heading\" data-id=\"da86287\" data-element_type=\"widget\" data-e-type=\"widget\" data-settings=\"{&quot;_animation&quot;:&quot;fadeInUp&quot;}\" data-widget_type=\"heading.default\">\n\t\t\t\t<div class=\"elementor-widget-container\">\n\t\t\t\t\t<p class=\"elementor-heading-title elementor-size-default\"><a href=\"https:\/\/www.santosdominguez.net\/en\/amigos-plaza\/\">AMIGOS<br>PLAZA\n<\/a><\/p>\t\t\t\t<\/div>\n\t\t\t\t<\/div>\n\t\t\t\t<div class=\"elementor-element elementor-element-8101c10 elementor-widget elementor-widget-image\" data-id=\"8101c10\" data-element_type=\"widget\" data-e-type=\"widget\" data-widget_type=\"image.default\">\n\t\t\t\t<div class=\"elementor-widget-container\">\n\t\t\t\t\t\t\t\t\t\t\t\t\t\t\t\t<a href=\"https:\/\/www.santosdominguez.net\/en\/amigos-plaza\/\">\n\t\t\t\t\t\t\t<img loading=\"lazy\" decoding=\"async\" width=\"500\" height=\"755\" src=\"https:\/\/www.santosdominguez.net\/wp-content\/uploads\/2024\/05\/AMIGOS-PLAZA.webp\" class=\"attachment-large size-large wp-image-837\" alt=\"\" srcset=\"https:\/\/www.santosdominguez.net\/wp-content\/uploads\/2024\/05\/AMIGOS-PLAZA.webp 500w, https:\/\/www.santosdominguez.net\/wp-content\/uploads\/2024\/05\/AMIGOS-PLAZA-199x300.webp 199w, https:\/\/www.santosdominguez.net\/wp-content\/uploads\/2024\/05\/AMIGOS-PLAZA-8x12.webp 8w\" sizes=\"(max-width: 500px) 100vw, 500px\" \/>\t\t\t\t\t\t\t\t<\/a>\n\t\t\t\t\t\t\t\t\t\t\t\t\t\t\t<\/div>\n\t\t\t\t<\/div>\n\t\t\t\t<div class=\"elementor-element elementor-element-9261199 elementor-align-center sdc-btn-vj animated-slow elementor-invisible elementor-widget elementor-widget-button\" data-id=\"9261199\" data-element_type=\"widget\" data-e-type=\"widget\" data-settings=\"{&quot;_animation&quot;:&quot;fadeInUp&quot;,&quot;_animation_delay&quot;:800}\" data-widget_type=\"button.default\">\n\t\t\t\t<div class=\"elementor-widget-container\">\n\t\t\t\t\t\t\t\t\t<div class=\"elementor-button-wrapper\">\n\t\t\t\t\t<a class=\"elementor-button elementor-button-link elementor-size-sm\" href=\"https:\/\/www.santosdominguez.net\/en\/amigos-plaza\/\">\n\t\t\t\t\t\t<span class=\"elementor-button-content-wrapper\">\n\t\t\t\t\t\t\t\t\t<span class=\"elementor-button-text\">SEE PROJECT<\/span>\n\t\t\t\t\t<\/span>\n\t\t\t\t\t<\/a>\n\t\t\t\t<\/div>\n\t\t\t\t\t\t\t\t<\/div>\n\t\t\t\t<\/div>\n\t\t\t\t<\/div>\n\t\t<div class=\"elementor-element elementor-element-c8a0521 e-con-full e-flex e-con e-child\" data-id=\"c8a0521\" data-element_type=\"container\" data-e-type=\"container\">\n\t\t\t\t<div class=\"elementor-element elementor-element-89206d7 elementor-widget__width-initial animated-slow elementor-invisible elementor-widget elementor-widget-heading\" data-id=\"89206d7\" data-element_type=\"widget\" data-e-type=\"widget\" data-settings=\"{&quot;_animation&quot;:&quot;fadeInUp&quot;}\" data-widget_type=\"heading.default\">\n\t\t\t\t<div class=\"elementor-widget-container\">\n\t\t\t\t\t<p class=\"elementor-heading-title elementor-size-default\"><a href=\"https:\/\/www.santosdominguez.net\/en\/stash\/\">STASH\n<\/a><\/p>\t\t\t\t<\/div>\n\t\t\t\t<\/div>\n\t\t\t\t<div class=\"elementor-element elementor-element-b629d69 elementor-widget elementor-widget-image\" data-id=\"b629d69\" data-element_type=\"widget\" data-e-type=\"widget\" data-widget_type=\"image.default\">\n\t\t\t\t<div class=\"elementor-widget-container\">\n\t\t\t\t\t\t\t\t\t\t\t\t\t\t\t\t<a href=\"https:\/\/www.santosdominguez.net\/en\/stash\/\">\n\t\t\t\t\t\t\t<img loading=\"lazy\" decoding=\"async\" width=\"500\" height=\"755\" src=\"https:\/\/www.santosdominguez.net\/wp-content\/uploads\/2024\/06\/STASH-DETALLE-ARQUITECTONICO-Proyecto-de-Construccion-por-Santos-Dominguez-Constructora-SRL.webp\" class=\"attachment-large size-large wp-image-918\" alt=\"STASH - DETALLE ARQUITECT\u00d3NICO - Proyecto de Construcci\u00f3n por Santos Dom\u00ednguez Constructora SRL\" srcset=\"https:\/\/www.santosdominguez.net\/wp-content\/uploads\/2024\/06\/STASH-DETALLE-ARQUITECTONICO-Proyecto-de-Construccion-por-Santos-Dominguez-Constructora-SRL.webp 500w, https:\/\/www.santosdominguez.net\/wp-content\/uploads\/2024\/06\/STASH-DETALLE-ARQUITECTONICO-Proyecto-de-Construccion-por-Santos-Dominguez-Constructora-SRL-199x300.webp 199w, https:\/\/www.santosdominguez.net\/wp-content\/uploads\/2024\/06\/STASH-DETALLE-ARQUITECTONICO-Proyecto-de-Construccion-por-Santos-Dominguez-Constructora-SRL-8x12.webp 8w\" sizes=\"(max-width: 500px) 100vw, 500px\" \/>\t\t\t\t\t\t\t\t<\/a>\n\t\t\t\t\t\t\t\t\t\t\t\t\t\t\t<\/div>\n\t\t\t\t<\/div>\n\t\t\t\t<div class=\"elementor-element elementor-element-ca41cf6 elementor-align-center sdc-btn-vj animated-slow elementor-invisible elementor-widget elementor-widget-button\" data-id=\"ca41cf6\" data-element_type=\"widget\" data-e-type=\"widget\" data-settings=\"{&quot;_animation&quot;:&quot;fadeInUp&quot;,&quot;_animation_delay&quot;:800}\" data-widget_type=\"button.default\">\n\t\t\t\t<div class=\"elementor-widget-container\">\n\t\t\t\t\t\t\t\t\t<div class=\"elementor-button-wrapper\">\n\t\t\t\t\t<a class=\"elementor-button elementor-button-link elementor-size-sm\" href=\"https:\/\/www.santosdominguez.net\/en\/stash\/\">\n\t\t\t\t\t\t<span class=\"elementor-button-content-wrapper\">\n\t\t\t\t\t\t\t\t\t<span class=\"elementor-button-text\">SEE PROJECT<\/span>\n\t\t\t\t\t<\/span>\n\t\t\t\t\t<\/a>\n\t\t\t\t<\/div>\n\t\t\t\t\t\t\t\t<\/div>\n\t\t\t\t<\/div>\n\t\t\t\t<\/div>\n\t\t<div class=\"elementor-element elementor-element-0ab9ce1 e-con-full e-flex e-con e-child\" data-id=\"0ab9ce1\" data-element_type=\"container\" data-e-type=\"container\">\n\t\t\t\t<\/div>\n\t\t\t\t<\/div>\n\t\t\t\t<\/div>","protected":false},"excerpt":{"rendered":"<p>DISE\u00d1A CONSTRUYE VENDE PROYECTOS COMPLETADOS VILLA JARABACOA VER PROYECTO CL\u00cdNICA DENTAL DRA. RHINA VER PROYECTO PALMAS DEL VALLE VER PROYECTO SHAKE WINGS VER PROYECTO CL\u00cdNICA EST\u00c9TICA DRA. YISBEL VER PROYECTO AMIGOSPLAZA VER PROYECTO STASH VER PROYECTO<\/p>","protected":false},"author":4,"featured_media":0,"parent":0,"menu_order":0,"comment_status":"closed","ping_status":"closed","template":"","meta":{"footnotes":""},"class_list":["post-827","page","type-page","status-publish","hentry"],"_links":{"self":[{"href":"https:\/\/www.santosdominguez.net\/en\/wp-json\/wp\/v2\/pages\/827","targetHints":{"allow":["GET"]}}],"collection":[{"href":"https:\/\/www.santosdominguez.net\/en\/wp-json\/wp\/v2\/pages"}],"about":[{"href":"https:\/\/www.santosdominguez.net\/en\/wp-json\/wp\/v2\/types\/page"}],"author":[{"embeddable":true,"href":"https:\/\/www.santosdominguez.net\/en\/wp-json\/wp\/v2\/users\/4"}],"replies":[{"embeddable":true,"href":"https:\/\/www.santosdominguez.net\/en\/wp-json\/wp\/v2\/comments?post=827"}],"version-history":[{"count":0,"href":"https:\/\/www.santosdominguez.net\/en\/wp-json\/wp\/v2\/pages\/827\/revisions"}],"wp:attachment":[{"href":"https:\/\/www.santosdominguez.net\/en\/wp-json\/wp\/v2\/media?parent=827"}],"curies":[{"name":"wp","href":"https:\/\/api.w.org\/{rel}","templated":true}]}}